{"id":5772,"date":"2022-10-03T18:26:22","date_gmt":"2022-10-03T16:26:22","guid":{"rendered":"https:\/\/www.canalchat.com\/fr\/?page_id=5772"},"modified":"2025-05-07T16:21:38","modified_gmt":"2025-05-07T14:21:38","slug":"journee-speciale","status":"publish","type":"page","link":"https:\/\/www.canalchat.com\/fr\/journee-speciale\/","title":{"rendered":"Journ\u00e9e sp\u00e9ciale"},"content":{"rendered":"<h1><strong><span style=\"color: #da1382;\">L&rsquo;OR\u00c9AL ETHICS DAY<\/span><\/strong><\/h1>\nngg_shortcode_0_placeholder\n<ul>\n<li><strong><span style=\"color: #da1382;\">Intervenants<\/span> : Dirigeant(e)s et correspondant(e)s \u00e9thiques, en plateau et \u00e0 distance<\/strong><\/li>\n<li><strong><span style=\"color: #da1382;\">Public<\/span> : \u00c0 distance\u200b<\/strong><\/li>\n<li><strong><span style=\"color: #da1382;\">Cible<\/span> : Les salari\u00e9(e)s de L&rsquo;Or\u00e9al<\/strong><\/li>\n<li><strong><span style=\"color: #da1382;\">Interactivit\u00e9<\/span> : Questions et votes en direct<\/strong><\/li>\n<li><strong><span style=\"color: #da1382;\">M\u00e9dias<\/span> : Slides et vid\u00e9os pr\u00e9-enregistr\u00e9es<\/strong><\/li>\n<li><strong><span style=\"color: #da1382;\">Lieu<\/span> : Sites de L&rsquo;Or\u00e9al (Si\u00e8ge Groupe, divisions, pays)<\/strong><\/li>\n<\/ul>\n<p>Chaque ann\u00e9e, courant octobre, nous accompagnons L\u2019Or\u00e9al dans l\u2019organisation de sa <a href=\"https:\/\/www.canalchat.com\/fr\/live-video-corporate-lethics-day-de-loreal\/\" target=\"_blank\" rel=\"noopener\">Journ\u00e9e de l&rsquo;\u00c9thique<\/a>. Ce grand \u00e9v\u00e9nement interne consiste en de multiples rencontres interactives organis\u00e9es quasi-simultan\u00e9ment entre les dirigeant(e)s du groupe\/des divisions\/des filiales, les correspondant(e)s \u00e9thiques et l\u2019ensemble des collaborateurs et collaboratrices de L&rsquo;Or\u00e9al. Ces sessions de Q&amp;A concernent plus de 40 pays et une quinzaine de divisions au sein de ce dispositif de dimension mondiale.<\/p>\n","protected":false},"excerpt":{"rendered":"<p>L&rsquo;OR\u00c9AL ETHICS DAY Intervenants : Dirigeant(e)s et correspondant(e)s \u00e9thiques, en plateau et \u00e0 distance Public : \u00c0 distance\u200b Cible : Les salari\u00e9(e)s de L&rsquo;Or\u00e9al Interactivit\u00e9 : Questions et votes en direct M\u00e9dias : Slides et vid\u00e9os pr\u00e9-enregistr\u00e9es Lieu : Sites de L&rsquo;Or\u00e9al (Si\u00e8ge Groupe, divisions, pays) Chaque ann\u00e9e, courant octobre, [&hellip;]<\/p>\n","protected":false},"author":1,"featured_media":0,"parent":0,"menu_order":0,"comment_status":"closed","ping_status":"closed","template":"","meta":{"ngg_post_thumbnail":0,"footnotes":""},"categories":[],"tags":[359,358,357,125],"class_list":["post-5772","page","type-page","status-publish","hentry","tag-evenement-interne","tag-journee-de-lethique","tag-journee-speciale","tag-loreal"],"yoast_head":"<!-- This site is optimized with the Yoast SEO Premium plugin v27.5 (Yoast SEO v27.5) - https:\/\/yoast.com\/product\/yoast-seo-premium-wordpress\/ -->\n<title>Journ\u00e9e sp\u00e9ciale - Canalchat Grandialogue<\/title>\n<meta name=\"description\" content=\"Chaque ann\u00e9e, courant octobre, nous accompagnons L\u2019Or\u00e9al dans l\u2019organisation de son grand \u00e9v\u00e9nement interne : la Journ\u00e9e de l&#039;\u00c9thique.\" \/>\n<meta name=\"robots\" content=\"index, follow, max-snippet:-1, max-image-preview:large, max-video-preview:-1\" \/>\n<link rel=\"canonical\" href=\"https:\/\/www.canalchat.com\/fr\/journee-speciale\/\" \/>\n<meta property=\"og:locale\" content=\"fr_FR\" \/>\n<meta property=\"og:type\" content=\"article\" \/>\n<meta property=\"og:title\" content=\"Canalchat Grandialogue, cr\u00e9ateur d&#039;interactivit\u00e9\" \/>\n<meta property=\"og:description\" content=\"Canalchat Grandialogue cr\u00e9e et produit des \u00e9v\u00e8nements vid\u00e9o en direct, avec de l\u2019interactivit\u00e9.\u200b Nous r\u00e9alisons et diffusons des formats d\u2019\u00e9mission live pour interagir avec vos audiences.\" \/>\n<meta property=\"og:url\" content=\"https:\/\/www.canalchat.com\/fr\/journee-speciale\/\" \/>\n<meta property=\"og:site_name\" content=\"Canalchat Grandialogue\" \/>\n<meta property=\"article:publisher\" content=\"https:\/\/www.facebook.com\/CanalchatGrandialogue\" \/>\n<meta property=\"article:modified_time\" content=\"2025-05-07T14:21:38+00:00\" \/>\n<meta property=\"og:image\" content=\"https:\/\/www.canalchat.com\/fr\/wp-content\/uploads\/2022\/08\/studio_canalchat_2022-17-scaled.jpg\" \/>\n\t<meta property=\"og:image:width\" content=\"2560\" \/>\n\t<meta property=\"og:image:height\" content=\"1440\" \/>\n\t<meta property=\"og:image:type\" content=\"image\/jpeg\" \/>\n<meta name=\"twitter:card\" content=\"summary_large_image\" \/>\n<meta name=\"twitter:site\" content=\"@Canalchat\" \/>\n<meta name=\"twitter:label1\" content=\"Dur\u00e9e de lecture estim\u00e9e\" \/>\n\t<meta name=\"twitter:data1\" content=\"1 minute\" \/>\n<script type=\"application\/ld+json\" class=\"yoast-schema-graph\">{\"@context\":\"https:\\\/\\\/schema.org\",\"@graph\":[{\"@type\":\"Article\",\"@id\":\"https:\\\/\\\/www.canalchat.com\\\/fr\\\/journee-speciale\\\/#article\",\"isPartOf\":{\"@id\":\"https:\\\/\\\/www.canalchat.com\\\/fr\\\/journee-speciale\\\/\"},\"author\":{\"name\":\"Canalchat\",\"@id\":\"https:\\\/\\\/www.canalchat.com\\\/fr\\\/#\\\/schema\\\/person\\\/a272e19fc2d521e13f88fa4b2d139506\"},\"headline\":\"Journ\u00e9e sp\u00e9ciale\",\"datePublished\":\"2022-10-03T16:26:22+00:00\",\"dateModified\":\"2025-05-07T14:21:38+00:00\",\"mainEntityOfPage\":{\"@id\":\"https:\\\/\\\/www.canalchat.com\\\/fr\\\/journee-speciale\\\/\"},\"wordCount\":153,\"publisher\":{\"@id\":\"https:\\\/\\\/www.canalchat.com\\\/fr\\\/#organization\"},\"keywords\":[\"Ev\u00e9nement interne\",\"Journ\u00e9e de l'\u00e9thique\",\"Journ\u00e9e sp\u00e9ciale\",\"L'Or\u00e9al\"],\"inLanguage\":\"fr-FR\"},{\"@type\":\"WebPage\",\"@id\":\"https:\\\/\\\/www.canalchat.com\\\/fr\\\/journee-speciale\\\/\",\"url\":\"https:\\\/\\\/www.canalchat.com\\\/fr\\\/journee-speciale\\\/\",\"name\":\"Journ\u00e9e sp\u00e9ciale - Canalchat Grandialogue\",\"isPartOf\":{\"@id\":\"https:\\\/\\\/www.canalchat.com\\\/fr\\\/#website\"},\"datePublished\":\"2022-10-03T16:26:22+00:00\",\"dateModified\":\"2025-05-07T14:21:38+00:00\",\"description\":\"Chaque ann\u00e9e, courant octobre, nous accompagnons L\u2019Or\u00e9al dans l\u2019organisation de son grand \u00e9v\u00e9nement interne : la Journ\u00e9e de l'\u00c9thique.\",\"breadcrumb\":{\"@id\":\"https:\\\/\\\/www.canalchat.com\\\/fr\\\/journee-speciale\\\/#breadcrumb\"},\"inLanguage\":\"fr-FR\",\"potentialAction\":[{\"@type\":\"ReadAction\",\"target\":[\"https:\\\/\\\/www.canalchat.com\\\/fr\\\/journee-speciale\\\/\"]}]},{\"@type\":\"BreadcrumbList\",\"@id\":\"https:\\\/\\\/www.canalchat.com\\\/fr\\\/journee-speciale\\\/#breadcrumb\",\"itemListElement\":[{\"@type\":\"ListItem\",\"position\":1,\"name\":\"Accueil\",\"item\":\"https:\\\/\\\/www.canalchat.com\\\/fr\\\/\"},{\"@type\":\"ListItem\",\"position\":2,\"name\":\"Journ\u00e9e sp\u00e9ciale\"}]},{\"@type\":\"WebSite\",\"@id\":\"https:\\\/\\\/www.canalchat.com\\\/fr\\\/#website\",\"url\":\"https:\\\/\\\/www.canalchat.com\\\/fr\\\/\",\"name\":\"Canalchat Grandialogue\",\"description\":\"Cr\u00e9ateur d&#039;interactivit\u00e9 en direct\",\"publisher\":{\"@id\":\"https:\\\/\\\/www.canalchat.com\\\/fr\\\/#organization\"},\"alternateName\":\"Canalchat\",\"potentialAction\":[{\"@type\":\"SearchAction\",\"target\":{\"@type\":\"EntryPoint\",\"urlTemplate\":\"https:\\\/\\\/www.canalchat.com\\\/fr\\\/?s={search_term_string}\"},\"query-input\":{\"@type\":\"PropertyValueSpecification\",\"valueRequired\":true,\"valueName\":\"search_term_string\"}}],\"inLanguage\":\"fr-FR\"},{\"@type\":\"Organization\",\"@id\":\"https:\\\/\\\/www.canalchat.com\\\/fr\\\/#organization\",\"name\":\"Canalchat Grandialogue\",\"alternateName\":\"Canalchat\",\"url\":\"https:\\\/\\\/www.canalchat.com\\\/fr\\\/\",\"logo\":{\"@type\":\"ImageObject\",\"inLanguage\":\"fr-FR\",\"@id\":\"https:\\\/\\\/www.canalchat.com\\\/fr\\\/#\\\/schema\\\/logo\\\/image\\\/\",\"url\":\"https:\\\/\\\/www.canalchat.com\\\/fr\\\/wp-content\\\/uploads\\\/2023\\\/07\\\/Guillemets-1.jpeg\",\"contentUrl\":\"https:\\\/\\\/www.canalchat.com\\\/fr\\\/wp-content\\\/uploads\\\/2023\\\/07\\\/Guillemets-1.jpeg\",\"width\":200,\"height\":200,\"caption\":\"Canalchat Grandialogue\"},\"image\":{\"@id\":\"https:\\\/\\\/www.canalchat.com\\\/fr\\\/#\\\/schema\\\/logo\\\/image\\\/\"},\"sameAs\":[\"https:\\\/\\\/www.facebook.com\\\/CanalchatGrandialogue\",\"https:\\\/\\\/x.com\\\/Canalchat\",\"https:\\\/\\\/www.linkedin.com\\\/company\\\/canalchat_grandialogue\",\"https:\\\/\\\/www.instagram.com\\\/canalchat\",\"https:\\\/\\\/www.tiktok.com\\\/@canalchatgrandialogue\",\"https:\\\/\\\/www.youtube.com\\\/Canalchat\",\"https:\\\/\\\/fr.pinterest.com\\\/canalchat\\\/\"],\"description\":\"Canalchat Grandialogue cr\u00e9e et produit des \u00e9v\u00e8nements vid\u00e9o en direct, avec de l\u2019interactivit\u00e9.\u200b Nous r\u00e9alisons et diffusons des formats d\u2019\u00e9mission live pour interagir avec vos audiences.\u200b\",\"email\":\"redaction@canalchat.fr\",\"telephone\":\"01 55 28 83 11\",\"legalName\":\"Canalchat Grandialogue\",\"foundingDate\":\"1999-10-01\",\"vatID\":\"FR 17477742688\",\"taxID\":\"477 742 688 00047\",\"numberOfEmployees\":{\"@type\":\"QuantitativeValue\",\"minValue\":\"11\",\"maxValue\":\"50\"},\"publishingPrinciples\":\"https:\\\/\\\/www.canalchat.com\\\/fr\\\/evenementiel\\\/\"},{\"@type\":\"Person\",\"@id\":\"https:\\\/\\\/www.canalchat.com\\\/fr\\\/#\\\/schema\\\/person\\\/a272e19fc2d521e13f88fa4b2d139506\",\"name\":\"Canalchat\",\"sameAs\":[\"https:\\\/\\\/www.canalchat.com\\\/fr\",\"https:\\\/\\\/www.linkedin.com\\\/company\\\/canalchat_grandialogue\\\/\"]}]}<\/script>\n<!-- \/ Yoast SEO Premium plugin. -->","yoast_head_json":{"title":"Journ\u00e9e sp\u00e9ciale - Canalchat Grandialogue","description":"Chaque ann\u00e9e, courant octobre, nous accompagnons L\u2019Or\u00e9al dans l\u2019organisation de son grand \u00e9v\u00e9nement interne : la Journ\u00e9e de l'\u00c9thique.","robots":{"index":"index","follow":"follow","max-snippet":"max-snippet:-1","max-image-preview":"max-image-preview:large","max-video-preview":"max-video-preview:-1"},"canonical":"https:\/\/www.canalchat.com\/fr\/journee-speciale\/","og_locale":"fr_FR","og_type":"article","og_title":"Canalchat Grandialogue, cr\u00e9ateur d'interactivit\u00e9","og_description":"Canalchat Grandialogue cr\u00e9e et produit des \u00e9v\u00e8nements vid\u00e9o en direct, avec de l\u2019interactivit\u00e9.\u200b Nous r\u00e9alisons et diffusons des formats d\u2019\u00e9mission live pour interagir avec vos audiences.","og_url":"https:\/\/www.canalchat.com\/fr\/journee-speciale\/","og_site_name":"Canalchat Grandialogue","article_publisher":"https:\/\/www.facebook.com\/CanalchatGrandialogue","article_modified_time":"2025-05-07T14:21:38+00:00","og_image":[{"width":2560,"height":1440,"url":"https:\/\/www.canalchat.com\/fr\/wp-content\/uploads\/2022\/08\/studio_canalchat_2022-17-scaled.jpg","type":"image\/jpeg"}],"twitter_card":"summary_large_image","twitter_site":"@Canalchat","twitter_misc":{"Dur\u00e9e de lecture estim\u00e9e":"1 minute"},"schema":{"@context":"https:\/\/schema.org","@graph":[{"@type":"Article","@id":"https:\/\/www.canalchat.com\/fr\/journee-speciale\/#article","isPartOf":{"@id":"https:\/\/www.canalchat.com\/fr\/journee-speciale\/"},"author":{"name":"Canalchat","@id":"https:\/\/www.canalchat.com\/fr\/#\/schema\/person\/a272e19fc2d521e13f88fa4b2d139506"},"headline":"Journ\u00e9e sp\u00e9ciale","datePublished":"2022-10-03T16:26:22+00:00","dateModified":"2025-05-07T14:21:38+00:00","mainEntityOfPage":{"@id":"https:\/\/www.canalchat.com\/fr\/journee-speciale\/"},"wordCount":153,"publisher":{"@id":"https:\/\/www.canalchat.com\/fr\/#organization"},"keywords":["Ev\u00e9nement interne","Journ\u00e9e de l'\u00e9thique","Journ\u00e9e sp\u00e9ciale","L'Or\u00e9al"],"inLanguage":"fr-FR"},{"@type":"WebPage","@id":"https:\/\/www.canalchat.com\/fr\/journee-speciale\/","url":"https:\/\/www.canalchat.com\/fr\/journee-speciale\/","name":"Journ\u00e9e sp\u00e9ciale - Canalchat Grandialogue","isPartOf":{"@id":"https:\/\/www.canalchat.com\/fr\/#website"},"datePublished":"2022-10-03T16:26:22+00:00","dateModified":"2025-05-07T14:21:38+00:00","description":"Chaque ann\u00e9e, courant octobre, nous accompagnons L\u2019Or\u00e9al dans l\u2019organisation de son grand \u00e9v\u00e9nement interne : la Journ\u00e9e de l'\u00c9thique.","breadcrumb":{"@id":"https:\/\/www.canalchat.com\/fr\/journee-speciale\/#breadcrumb"},"inLanguage":"fr-FR","potentialAction":[{"@type":"ReadAction","target":["https:\/\/www.canalchat.com\/fr\/journee-speciale\/"]}]},{"@type":"BreadcrumbList","@id":"https:\/\/www.canalchat.com\/fr\/journee-speciale\/#breadcrumb","itemListElement":[{"@type":"ListItem","position":1,"name":"Accueil","item":"https:\/\/www.canalchat.com\/fr\/"},{"@type":"ListItem","position":2,"name":"Journ\u00e9e sp\u00e9ciale"}]},{"@type":"WebSite","@id":"https:\/\/www.canalchat.com\/fr\/#website","url":"https:\/\/www.canalchat.com\/fr\/","name":"Canalchat Grandialogue","description":"Cr\u00e9ateur d&#039;interactivit\u00e9 en direct","publisher":{"@id":"https:\/\/www.canalchat.com\/fr\/#organization"},"alternateName":"Canalchat","potentialAction":[{"@type":"SearchAction","target":{"@type":"EntryPoint","urlTemplate":"https:\/\/www.canalchat.com\/fr\/?s={search_term_string}"},"query-input":{"@type":"PropertyValueSpecification","valueRequired":true,"valueName":"search_term_string"}}],"inLanguage":"fr-FR"},{"@type":"Organization","@id":"https:\/\/www.canalchat.com\/fr\/#organization","name":"Canalchat Grandialogue","alternateName":"Canalchat","url":"https:\/\/www.canalchat.com\/fr\/","logo":{"@type":"ImageObject","inLanguage":"fr-FR","@id":"https:\/\/www.canalchat.com\/fr\/#\/schema\/logo\/image\/","url":"https:\/\/www.canalchat.com\/fr\/wp-content\/uploads\/2023\/07\/Guillemets-1.jpeg","contentUrl":"https:\/\/www.canalchat.com\/fr\/wp-content\/uploads\/2023\/07\/Guillemets-1.jpeg","width":200,"height":200,"caption":"Canalchat Grandialogue"},"image":{"@id":"https:\/\/www.canalchat.com\/fr\/#\/schema\/logo\/image\/"},"sameAs":["https:\/\/www.facebook.com\/CanalchatGrandialogue","https:\/\/x.com\/Canalchat","https:\/\/www.linkedin.com\/company\/canalchat_grandialogue","https:\/\/www.instagram.com\/canalchat","https:\/\/www.tiktok.com\/@canalchatgrandialogue","https:\/\/www.youtube.com\/Canalchat","https:\/\/fr.pinterest.com\/canalchat\/"],"description":"Canalchat Grandialogue cr\u00e9e et produit des \u00e9v\u00e8nements vid\u00e9o en direct, avec de l\u2019interactivit\u00e9.\u200b Nous r\u00e9alisons et diffusons des formats d\u2019\u00e9mission live pour interagir avec vos audiences.\u200b","email":"redaction@canalchat.fr","telephone":"01 55 28 83 11","legalName":"Canalchat Grandialogue","foundingDate":"1999-10-01","vatID":"FR 17477742688","taxID":"477 742 688 00047","numberOfEmployees":{"@type":"QuantitativeValue","minValue":"11","maxValue":"50"},"publishingPrinciples":"https:\/\/www.canalchat.com\/fr\/evenementiel\/"},{"@type":"Person","@id":"https:\/\/www.canalchat.com\/fr\/#\/schema\/person\/a272e19fc2d521e13f88fa4b2d139506","name":"Canalchat","sameAs":["https:\/\/www.canalchat.com\/fr","https:\/\/www.linkedin.com\/company\/canalchat_grandialogue\/"]}]}},"_links":{"self":[{"href":"https:\/\/www.canalchat.com\/fr\/wp-json\/wp\/v2\/pages\/5772","targetHints":{"allow":["GET"]}}],"collection":[{"href":"https:\/\/www.canalchat.com\/fr\/wp-json\/wp\/v2\/pages"}],"about":[{"href":"https:\/\/www.canalchat.com\/fr\/wp-json\/wp\/v2\/types\/page"}],"author":[{"embeddable":true,"href":"https:\/\/www.canalchat.com\/fr\/wp-json\/wp\/v2\/users\/1"}],"replies":[{"embeddable":true,"href":"https:\/\/www.canalchat.com\/fr\/wp-json\/wp\/v2\/comments?post=5772"}],"version-history":[{"count":1,"href":"https:\/\/www.canalchat.com\/fr\/wp-json\/wp\/v2\/pages\/5772\/revisions"}],"predecessor-version":[{"id":9745,"href":"https:\/\/www.canalchat.com\/fr\/wp-json\/wp\/v2\/pages\/5772\/revisions\/9745"}],"wp:attachment":[{"href":"https:\/\/www.canalchat.com\/fr\/wp-json\/wp\/v2\/media?parent=5772"}],"wp:term":[{"taxonomy":"category","embeddable":true,"href":"https:\/\/www.canalchat.com\/fr\/wp-json\/wp\/v2\/categories?post=5772"},{"taxonomy":"post_tag","embeddable":true,"href":"https:\/\/www.canalchat.com\/fr\/wp-json\/wp\/v2\/tags?post=5772"}],"curies":[{"name":"wp","href":"https:\/\/api.w.org\/{rel}","templated":true}]}}