{"id":5744,"date":"2022-09-26T18:13:50","date_gmt":"2022-09-26T16:13:50","guid":{"rendered":"https:\/\/www.canalchat.com\/fr\/?page_id=5744"},"modified":"2023-07-11T11:52:11","modified_gmt":"2023-07-11T09:52:11","slug":"interview","status":"publish","type":"page","link":"https:\/\/www.canalchat.com\/fr\/interview\/","title":{"rendered":"Interview"},"content":{"rendered":"<h1><strong><span style=\"color: #da1382;\">Webedia<\/span><\/strong><\/h1>\nngg_shortcode_0_placeholder\n<ul>\n<li><strong><span style=\"color: #da1382;\">Intervenant<\/span> : Ryan Gosling<\/strong><\/li>\n<li><strong><span style=\"color: #da1382;\">Public<\/span> : \u00c0 distance<\/strong><\/li>\n<li><strong><span style=\"color: #da1382;\">Cible<\/span> : Externe<\/strong><\/li>\n<li><strong><span style=\"color: #da1382;\">Interactivit\u00e9<\/span> : Questions en direct sur Twitter\u200b<\/strong><\/li>\n<li><strong><span style=\"color: #da1382;\">M\u00e9dias<\/span> : Photos en direct<\/strong><\/li>\n<li><strong><span style=\"color: #da1382;\">Lieu<\/span> : H\u00f4tel Raphael (Paris)<\/strong><\/li>\n<\/ul>\n<p>De l&rsquo;ensemble des personnalit\u00e9s dont nous avons eu \u00e0 r\u00e9aliser un \u00e9v\u00e9nement interactif, l&rsquo;acteur canadien Ryan Gosling est sans doute le plus -mondialement- connu. Pour assurer la promotion de son premier film en tant que r\u00e9alisateur, le groupe Webedia l&rsquo;a invit\u00e9 \u00e0 participer \u00e0 un live-tweet sur le site AlloCin\u00e9. Exercice p\u00e9rilleux compte tenu de l&rsquo;absence de mod\u00e9ration en direct sur le r\u00e9seau. Comment organiser cette sorte d&rsquo;interview sans se noyer dans un d\u00e9luge de commentaires ? Webedia a donc fait appel \u00e0 Canalchat pour concevoir une solution technique permettant la s\u00e9lection des questions les plus pertinentes pos\u00e9es en temps r\u00e9el par les twittos. L&rsquo;acteur pass\u00e9 derri\u00e8re la cam\u00e9ra a ainsi pu \u00e9changer en direct pendant une heure avec les internautes.<\/p>\n","protected":false},"excerpt":{"rendered":"<p>Webedia Intervenant : Ryan Gosling Public : \u00c0 distance Cible : Externe Interactivit\u00e9 : Questions en direct sur Twitter\u200b M\u00e9dias : Photos en direct Lieu : H\u00f4tel Raphael (Paris) De l&rsquo;ensemble des personnalit\u00e9s dont nous avons eu \u00e0 r\u00e9aliser un \u00e9v\u00e9nement interactif, l&rsquo;acteur canadien Ryan Gosling est sans doute le [&hellip;]<\/p>\n","protected":false},"author":1,"featured_media":0,"parent":0,"menu_order":0,"comment_status":"closed","ping_status":"closed","template":"","meta":{"_monsterinsights_skip_tracking":false,"_monsterinsights_sitenote_active":false,"_monsterinsights_sitenote_note":"","_monsterinsights_sitenote_category":0,"ngg_post_thumbnail":0,"footnotes":""},"categories":[],"tags":[356,353,352,354,355],"class_list":["post-5744","page","type-page","status-publish","hentry","tag-allocine","tag-evenement-interactif","tag-interview","tag-ryan-gosling","tag-webedia"],"yoast_head":"<!-- This site is optimized with the Yoast SEO Premium plugin v27.4 (Yoast SEO v27.4) - https:\/\/yoast.com\/product\/yoast-seo-premium-wordpress\/ -->\n<title>Interview - Canalchat Grandialogue<\/title>\n<meta name=\"description\" content=\"De l&#039;ensemble des personnalit\u00e9s dont nous avons eu \u00e0 r\u00e9aliser un \u00e9v\u00e9nement interactif, l&#039;acteur Ryan Gosling est sans doute le plus connu.\" \/>\n<meta name=\"robots\" content=\"index, follow, max-snippet:-1, max-image-preview:large, max-video-preview:-1\" \/>\n<link rel=\"canonical\" href=\"https:\/\/www.canalchat.com\/fr\/interview\/\" \/>\n<meta property=\"og:locale\" content=\"fr_FR\" \/>\n<meta property=\"og:type\" content=\"article\" \/>\n<meta property=\"og:title\" content=\"Canalchat Grandialogue, cr\u00e9ateur d&#039;interactivit\u00e9\" \/>\n<meta property=\"og:description\" content=\"Canalchat Grandialogue cr\u00e9e et produit des \u00e9v\u00e8nements vid\u00e9o en direct, avec de l\u2019interactivit\u00e9.\u200b Nous r\u00e9alisons et diffusons des formats d\u2019\u00e9mission live pour interagir avec vos audiences.\" \/>\n<meta property=\"og:url\" content=\"https:\/\/www.canalchat.com\/fr\/interview\/\" \/>\n<meta property=\"og:site_name\" content=\"Canalchat Grandialogue\" \/>\n<meta property=\"article:publisher\" content=\"https:\/\/www.facebook.com\/CanalchatGrandialogue\" \/>\n<meta property=\"article:modified_time\" content=\"2023-07-11T09:52:11+00:00\" \/>\n<meta property=\"og:image\" content=\"https:\/\/www.canalchat.com\/fr\/wp-content\/uploads\/2022\/08\/studio_canalchat_2022-17-scaled.jpg\" \/>\n\t<meta property=\"og:image:width\" content=\"2560\" \/>\n\t<meta property=\"og:image:height\" content=\"1440\" \/>\n\t<meta property=\"og:image:type\" content=\"image\/jpeg\" \/>\n<meta name=\"twitter:card\" content=\"summary_large_image\" \/>\n<meta name=\"twitter:site\" content=\"@Canalchat\" \/>\n<meta name=\"twitter:label1\" content=\"Dur\u00e9e de lecture estim\u00e9e\" \/>\n\t<meta name=\"twitter:data1\" content=\"1 minute\" \/>\n<script type=\"application\/ld+json\" class=\"yoast-schema-graph\">{\"@context\":\"https:\\\/\\\/schema.org\",\"@graph\":[{\"@type\":\"Article\",\"@id\":\"https:\\\/\\\/www.canalchat.com\\\/fr\\\/interview\\\/#article\",\"isPartOf\":{\"@id\":\"https:\\\/\\\/www.canalchat.com\\\/fr\\\/interview\\\/\"},\"author\":{\"name\":\"Canalchat\",\"@id\":\"https:\\\/\\\/www.canalchat.com\\\/fr\\\/#\\\/schema\\\/person\\\/a272e19fc2d521e13f88fa4b2d139506\"},\"headline\":\"Interview\",\"datePublished\":\"2022-09-26T16:13:50+00:00\",\"dateModified\":\"2023-07-11T09:52:11+00:00\",\"mainEntityOfPage\":{\"@id\":\"https:\\\/\\\/www.canalchat.com\\\/fr\\\/interview\\\/\"},\"wordCount\":169,\"publisher\":{\"@id\":\"https:\\\/\\\/www.canalchat.com\\\/fr\\\/#organization\"},\"keywords\":[\"Allocin\u00e9\",\"Ev\u00e9nement interactif\",\"Interview\",\"Ryan Gosling\",\"Webedia\"],\"inLanguage\":\"fr-FR\"},{\"@type\":\"WebPage\",\"@id\":\"https:\\\/\\\/www.canalchat.com\\\/fr\\\/interview\\\/\",\"url\":\"https:\\\/\\\/www.canalchat.com\\\/fr\\\/interview\\\/\",\"name\":\"Interview - Canalchat Grandialogue\",\"isPartOf\":{\"@id\":\"https:\\\/\\\/www.canalchat.com\\\/fr\\\/#website\"},\"datePublished\":\"2022-09-26T16:13:50+00:00\",\"dateModified\":\"2023-07-11T09:52:11+00:00\",\"description\":\"De l'ensemble des personnalit\u00e9s dont nous avons eu \u00e0 r\u00e9aliser un \u00e9v\u00e9nement interactif, l'acteur Ryan Gosling est sans doute le plus connu.\",\"breadcrumb\":{\"@id\":\"https:\\\/\\\/www.canalchat.com\\\/fr\\\/interview\\\/#breadcrumb\"},\"inLanguage\":\"fr-FR\",\"potentialAction\":[{\"@type\":\"ReadAction\",\"target\":[\"https:\\\/\\\/www.canalchat.com\\\/fr\\\/interview\\\/\"]}]},{\"@type\":\"BreadcrumbList\",\"@id\":\"https:\\\/\\\/www.canalchat.com\\\/fr\\\/interview\\\/#breadcrumb\",\"itemListElement\":[{\"@type\":\"ListItem\",\"position\":1,\"name\":\"Accueil\",\"item\":\"https:\\\/\\\/www.canalchat.com\\\/fr\\\/\"},{\"@type\":\"ListItem\",\"position\":2,\"name\":\"Interview\"}]},{\"@type\":\"WebSite\",\"@id\":\"https:\\\/\\\/www.canalchat.com\\\/fr\\\/#website\",\"url\":\"https:\\\/\\\/www.canalchat.com\\\/fr\\\/\",\"name\":\"Canalchat Grandialogue\",\"description\":\"Cr\u00e9ateur d&#039;interactivit\u00e9 en direct\",\"publisher\":{\"@id\":\"https:\\\/\\\/www.canalchat.com\\\/fr\\\/#organization\"},\"alternateName\":\"Canalchat\",\"potentialAction\":[{\"@type\":\"SearchAction\",\"target\":{\"@type\":\"EntryPoint\",\"urlTemplate\":\"https:\\\/\\\/www.canalchat.com\\\/fr\\\/?s={search_term_string}\"},\"query-input\":{\"@type\":\"PropertyValueSpecification\",\"valueRequired\":true,\"valueName\":\"search_term_string\"}}],\"inLanguage\":\"fr-FR\"},{\"@type\":\"Organization\",\"@id\":\"https:\\\/\\\/www.canalchat.com\\\/fr\\\/#organization\",\"name\":\"Canalchat Grandialogue\",\"alternateName\":\"Canalchat\",\"url\":\"https:\\\/\\\/www.canalchat.com\\\/fr\\\/\",\"logo\":{\"@type\":\"ImageObject\",\"inLanguage\":\"fr-FR\",\"@id\":\"https:\\\/\\\/www.canalchat.com\\\/fr\\\/#\\\/schema\\\/logo\\\/image\\\/\",\"url\":\"https:\\\/\\\/www.canalchat.com\\\/fr\\\/wp-content\\\/uploads\\\/2023\\\/07\\\/Guillemets-1.jpeg\",\"contentUrl\":\"https:\\\/\\\/www.canalchat.com\\\/fr\\\/wp-content\\\/uploads\\\/2023\\\/07\\\/Guillemets-1.jpeg\",\"width\":200,\"height\":200,\"caption\":\"Canalchat Grandialogue\"},\"image\":{\"@id\":\"https:\\\/\\\/www.canalchat.com\\\/fr\\\/#\\\/schema\\\/logo\\\/image\\\/\"},\"sameAs\":[\"https:\\\/\\\/www.facebook.com\\\/CanalchatGrandialogue\",\"https:\\\/\\\/x.com\\\/Canalchat\",\"https:\\\/\\\/www.linkedin.com\\\/company\\\/canalchat_grandialogue\",\"https:\\\/\\\/www.instagram.com\\\/canalchat\",\"https:\\\/\\\/www.tiktok.com\\\/@canalchatgrandialogue\",\"https:\\\/\\\/www.youtube.com\\\/Canalchat\",\"https:\\\/\\\/fr.pinterest.com\\\/canalchat\\\/\"],\"description\":\"Canalchat Grandialogue cr\u00e9e et produit des \u00e9v\u00e8nements vid\u00e9o en direct, avec de l\u2019interactivit\u00e9.\u200b Nous r\u00e9alisons et diffusons des formats d\u2019\u00e9mission live pour interagir avec vos audiences.\u200b\",\"email\":\"redaction@canalchat.fr\",\"telephone\":\"01 55 28 83 11\",\"legalName\":\"Canalchat Grandialogue\",\"foundingDate\":\"1999-10-01\",\"vatID\":\"FR 17477742688\",\"taxID\":\"477 742 688 00047\",\"numberOfEmployees\":{\"@type\":\"QuantitativeValue\",\"minValue\":\"11\",\"maxValue\":\"50\"},\"publishingPrinciples\":\"https:\\\/\\\/www.canalchat.com\\\/fr\\\/evenementiel\\\/\"},{\"@type\":\"Person\",\"@id\":\"https:\\\/\\\/www.canalchat.com\\\/fr\\\/#\\\/schema\\\/person\\\/a272e19fc2d521e13f88fa4b2d139506\",\"name\":\"Canalchat\",\"sameAs\":[\"https:\\\/\\\/www.canalchat.com\\\/fr\",\"https:\\\/\\\/www.linkedin.com\\\/company\\\/canalchat_grandialogue\\\/\"]}]}<\/script>\n<!-- \/ Yoast SEO Premium plugin. -->","yoast_head_json":{"title":"Interview - Canalchat Grandialogue","description":"De l'ensemble des personnalit\u00e9s dont nous avons eu \u00e0 r\u00e9aliser un \u00e9v\u00e9nement interactif, l'acteur Ryan Gosling est sans doute le plus connu.","robots":{"index":"index","follow":"follow","max-snippet":"max-snippet:-1","max-image-preview":"max-image-preview:large","max-video-preview":"max-video-preview:-1"},"canonical":"https:\/\/www.canalchat.com\/fr\/interview\/","og_locale":"fr_FR","og_type":"article","og_title":"Canalchat Grandialogue, cr\u00e9ateur d'interactivit\u00e9","og_description":"Canalchat Grandialogue cr\u00e9e et produit des \u00e9v\u00e8nements vid\u00e9o en direct, avec de l\u2019interactivit\u00e9.\u200b Nous r\u00e9alisons et diffusons des formats d\u2019\u00e9mission live pour interagir avec vos audiences.","og_url":"https:\/\/www.canalchat.com\/fr\/interview\/","og_site_name":"Canalchat Grandialogue","article_publisher":"https:\/\/www.facebook.com\/CanalchatGrandialogue","article_modified_time":"2023-07-11T09:52:11+00:00","og_image":[{"width":2560,"height":1440,"url":"https:\/\/www.canalchat.com\/fr\/wp-content\/uploads\/2022\/08\/studio_canalchat_2022-17-scaled.jpg","type":"image\/jpeg"}],"twitter_card":"summary_large_image","twitter_site":"@Canalchat","twitter_misc":{"Dur\u00e9e de lecture estim\u00e9e":"1 minute"},"schema":{"@context":"https:\/\/schema.org","@graph":[{"@type":"Article","@id":"https:\/\/www.canalchat.com\/fr\/interview\/#article","isPartOf":{"@id":"https:\/\/www.canalchat.com\/fr\/interview\/"},"author":{"name":"Canalchat","@id":"https:\/\/www.canalchat.com\/fr\/#\/schema\/person\/a272e19fc2d521e13f88fa4b2d139506"},"headline":"Interview","datePublished":"2022-09-26T16:13:50+00:00","dateModified":"2023-07-11T09:52:11+00:00","mainEntityOfPage":{"@id":"https:\/\/www.canalchat.com\/fr\/interview\/"},"wordCount":169,"publisher":{"@id":"https:\/\/www.canalchat.com\/fr\/#organization"},"keywords":["Allocin\u00e9","Ev\u00e9nement interactif","Interview","Ryan Gosling","Webedia"],"inLanguage":"fr-FR"},{"@type":"WebPage","@id":"https:\/\/www.canalchat.com\/fr\/interview\/","url":"https:\/\/www.canalchat.com\/fr\/interview\/","name":"Interview - Canalchat Grandialogue","isPartOf":{"@id":"https:\/\/www.canalchat.com\/fr\/#website"},"datePublished":"2022-09-26T16:13:50+00:00","dateModified":"2023-07-11T09:52:11+00:00","description":"De l'ensemble des personnalit\u00e9s dont nous avons eu \u00e0 r\u00e9aliser un \u00e9v\u00e9nement interactif, l'acteur Ryan Gosling est sans doute le plus connu.","breadcrumb":{"@id":"https:\/\/www.canalchat.com\/fr\/interview\/#breadcrumb"},"inLanguage":"fr-FR","potentialAction":[{"@type":"ReadAction","target":["https:\/\/www.canalchat.com\/fr\/interview\/"]}]},{"@type":"BreadcrumbList","@id":"https:\/\/www.canalchat.com\/fr\/interview\/#breadcrumb","itemListElement":[{"@type":"ListItem","position":1,"name":"Accueil","item":"https:\/\/www.canalchat.com\/fr\/"},{"@type":"ListItem","position":2,"name":"Interview"}]},{"@type":"WebSite","@id":"https:\/\/www.canalchat.com\/fr\/#website","url":"https:\/\/www.canalchat.com\/fr\/","name":"Canalchat Grandialogue","description":"Cr\u00e9ateur d&#039;interactivit\u00e9 en direct","publisher":{"@id":"https:\/\/www.canalchat.com\/fr\/#organization"},"alternateName":"Canalchat","potentialAction":[{"@type":"SearchAction","target":{"@type":"EntryPoint","urlTemplate":"https:\/\/www.canalchat.com\/fr\/?s={search_term_string}"},"query-input":{"@type":"PropertyValueSpecification","valueRequired":true,"valueName":"search_term_string"}}],"inLanguage":"fr-FR"},{"@type":"Organization","@id":"https:\/\/www.canalchat.com\/fr\/#organization","name":"Canalchat Grandialogue","alternateName":"Canalchat","url":"https:\/\/www.canalchat.com\/fr\/","logo":{"@type":"ImageObject","inLanguage":"fr-FR","@id":"https:\/\/www.canalchat.com\/fr\/#\/schema\/logo\/image\/","url":"https:\/\/www.canalchat.com\/fr\/wp-content\/uploads\/2023\/07\/Guillemets-1.jpeg","contentUrl":"https:\/\/www.canalchat.com\/fr\/wp-content\/uploads\/2023\/07\/Guillemets-1.jpeg","width":200,"height":200,"caption":"Canalchat Grandialogue"},"image":{"@id":"https:\/\/www.canalchat.com\/fr\/#\/schema\/logo\/image\/"},"sameAs":["https:\/\/www.facebook.com\/CanalchatGrandialogue","https:\/\/x.com\/Canalchat","https:\/\/www.linkedin.com\/company\/canalchat_grandialogue","https:\/\/www.instagram.com\/canalchat","https:\/\/www.tiktok.com\/@canalchatgrandialogue","https:\/\/www.youtube.com\/Canalchat","https:\/\/fr.pinterest.com\/canalchat\/"],"description":"Canalchat Grandialogue cr\u00e9e et produit des \u00e9v\u00e8nements vid\u00e9o en direct, avec de l\u2019interactivit\u00e9.\u200b Nous r\u00e9alisons et diffusons des formats d\u2019\u00e9mission live pour interagir avec vos audiences.\u200b","email":"redaction@canalchat.fr","telephone":"01 55 28 83 11","legalName":"Canalchat Grandialogue","foundingDate":"1999-10-01","vatID":"FR 17477742688","taxID":"477 742 688 00047","numberOfEmployees":{"@type":"QuantitativeValue","minValue":"11","maxValue":"50"},"publishingPrinciples":"https:\/\/www.canalchat.com\/fr\/evenementiel\/"},{"@type":"Person","@id":"https:\/\/www.canalchat.com\/fr\/#\/schema\/person\/a272e19fc2d521e13f88fa4b2d139506","name":"Canalchat","sameAs":["https:\/\/www.canalchat.com\/fr","https:\/\/www.linkedin.com\/company\/canalchat_grandialogue\/"]}]}},"_links":{"self":[{"href":"https:\/\/www.canalchat.com\/fr\/wp-json\/wp\/v2\/pages\/5744","targetHints":{"allow":["GET"]}}],"collection":[{"href":"https:\/\/www.canalchat.com\/fr\/wp-json\/wp\/v2\/pages"}],"about":[{"href":"https:\/\/www.canalchat.com\/fr\/wp-json\/wp\/v2\/types\/page"}],"author":[{"embeddable":true,"href":"https:\/\/www.canalchat.com\/fr\/wp-json\/wp\/v2\/users\/1"}],"replies":[{"embeddable":true,"href":"https:\/\/www.canalchat.com\/fr\/wp-json\/wp\/v2\/comments?post=5744"}],"version-history":[{"count":0,"href":"https:\/\/www.canalchat.com\/fr\/wp-json\/wp\/v2\/pages\/5744\/revisions"}],"wp:attachment":[{"href":"https:\/\/www.canalchat.com\/fr\/wp-json\/wp\/v2\/media?parent=5744"}],"wp:term":[{"taxonomy":"category","embeddable":true,"href":"https:\/\/www.canalchat.com\/fr\/wp-json\/wp\/v2\/categories?post=5744"},{"taxonomy":"post_tag","embeddable":true,"href":"https:\/\/www.canalchat.com\/fr\/wp-json\/wp\/v2\/tags?post=5744"}],"curies":[{"name":"wp","href":"https:\/\/api.w.org\/{rel}","templated":true}]}}