{"id":5465,"date":"2022-09-02T16:58:28","date_gmt":"2022-09-02T14:58:28","guid":{"rendered":"https:\/\/www.canalchat.com\/fr\/?page_id=5465"},"modified":"2025-09-22T16:52:36","modified_gmt":"2025-09-22T14:52:36","slug":"interactivite-et-video-en-direct-canalchat-en-10-points","status":"publish","type":"page","link":"https:\/\/www.canalchat.com\/fr\/interactivite-et-video-en-direct-canalchat-en-10-points\/","title":{"rendered":"Interactivit\u00e9 et vid\u00e9o en direct : Canalchat en 10 points"},"content":{"rendered":"<p><span>L&rsquo;interactivit\u00e9 et le streaming en direct sont au coeur de notre activit\u00e9.<\/span><br \/>\n<span data-scheme-color=\"@FFFFFF,0,\" data-usefontface=\"true\" data-contrast=\"none\">Canalchat<\/span><span data-scheme-color=\"@FFFFFF,0,\" data-usefontface=\"true\" data-contrast=\"none\">&nbsp;<\/span><span data-scheme-color=\"@FFFFFF,0,\" data-usefontface=\"true\" data-contrast=\"none\">Grandialogue<\/span><span data-scheme-color=\"@FFFFFF,0,\" data-usefontface=\"true\" data-contrast=\"none\">&nbsp;cr\u00e9e et produit des \u00e9v\u00e8nements vid\u00e9o en direct, avec de l&rsquo;interactivit\u00e9.<\/span><span>\u200b&nbsp;<\/span><span data-scheme-color=\"@FFFFFF,0,\" data-usefontface=\"true\" data-contrast=\"none\">Nous r\u00e9alisons et diffusons des formats d\u2019\u00e9mission live pour interagir avec vos audiences.<\/span><span>\u200b<\/span><\/p>\n<p>Canalchat en 10 points ! Voil\u00e0 le d\u00e9fi que nous nous sommes fix\u00e9s pour d\u00e9crire notre activit\u00e9 en quelques lignes. Cette infographie nous r\u00e9sume en un coup d&rsquo;oeil.<\/p>\n<h4><img loading=\"lazy\" decoding=\"async\" src=\"https:\/\/www.canalchat.com\/fr\/wp-content\/uploads\/2025\/02\/Canalchat10Points-1.png\" alt=\"Interactivit\u00e9, direct et vid\u00e9o : Canalchat en 10 points\" width=\"1587\" height=\"2245\" class=\"alignnone wp-image-9102 size-full\" srcset=\"https:\/\/www.canalchat.com\/fr\/wp-content\/uploads\/2025\/02\/Canalchat10Points-1.png 1587w, https:\/\/www.canalchat.com\/fr\/wp-content\/uploads\/2025\/02\/Canalchat10Points-1-212x300.png 212w, https:\/\/www.canalchat.com\/fr\/wp-content\/uploads\/2025\/02\/Canalchat10Points-1-724x1024.png 724w, https:\/\/www.canalchat.com\/fr\/wp-content\/uploads\/2025\/02\/Canalchat10Points-1-768x1086.png 768w, https:\/\/www.canalchat.com\/fr\/wp-content\/uploads\/2025\/02\/Canalchat10Points-1-1086x1536.png 1086w, https:\/\/www.canalchat.com\/fr\/wp-content\/uploads\/2025\/02\/Canalchat10Points-1-1448x2048.png 1448w\" sizes=\"auto, (max-width: 1587px) 100vw, 1587px\" \/><\/h4>\n<p>1. Des \u00e9v\u00e9nements 100% <strong>live<\/strong><br \/>\n2. Captation, r\u00e9alisation et streaming <strong>vid\u00e9o en direct<\/strong><br \/>\n3. L&rsquo;<strong>interactivit\u00e9<\/strong> pour stimuler votre audience<br \/>\n4. Des formats <strong>sur-mesure<\/strong>, adapt\u00e9s \u00e0 vos besoins<br \/>\n5. La <strong>r\u00e9activit\u00e9<\/strong> de nos \u00e9quipes<br \/>\n6. Dans <strong>notre studio<\/strong> ou dans <strong>vos locaux<\/strong><br \/>\n7. <strong>Un seul interlocuteur<\/strong> pour vous accompagner, maximisant l&rsquo;interactivit\u00e9<br \/>\n8. Expert des <strong>grands rendez-vous<\/strong> de communication<br \/>\n9. <strong>25 ans d&rsquo;exp\u00e9rience<\/strong> du dialogue en direct<br \/>\n10. Des bureaux \u00e0 <strong>Paris<\/strong> et \u00e0 <strong>New York<\/strong><\/p>\n<p><a href=\"https:\/\/www.canalchat.com\/fr\/studio-tournage-paris\/\" target=\"_blank\" rel=\"noopener\">Visitez notre studio ! <\/a><\/p>\n<p><a href=\"https:\/\/www.frenchweb.fr\/sur-la-route-de-canalchat-25-ans-de-streaming-dinteractivite-et-dentrepreneuriat-en-mode-bootstrap\/449449\" target=\"_blank\" rel=\"noopener\">En savoir plus sur Canalchat Grandialogue<\/a>, expert de l&rsquo;interactivit\u00e9 et vid\u00e9o en direct.<\/p>\n","protected":false},"excerpt":{"rendered":"<p>L&rsquo;interactivit\u00e9 et le streaming en direct sont au coeur de notre activit\u00e9. Canalchat&nbsp;Grandialogue&nbsp;cr\u00e9e et produit des \u00e9v\u00e8nements vid\u00e9o en direct, avec de l&rsquo;interactivit\u00e9.\u200b&nbsp;Nous r\u00e9alisons et diffusons des formats d\u2019\u00e9mission live pour interagir avec vos audiences.\u200b Canalchat en 10 points ! Voil\u00e0 le d\u00e9fi que nous nous sommes fix\u00e9s pour d\u00e9crire [&hellip;]<\/p>\n","protected":false},"author":1,"featured_media":0,"parent":0,"menu_order":0,"comment_status":"closed","ping_status":"closed","template":"","meta":{"_monsterinsights_skip_tracking":false,"_monsterinsights_sitenote_active":false,"_monsterinsights_sitenote_note":"","_monsterinsights_sitenote_category":0,"ngg_post_thumbnail":0,"footnotes":""},"categories":[439,51,294],"tags":[71,330,129,75,155,328,329,327],"class_list":["post-5465","page","type-page","status-publish","hentry","category-corporate","category-format","category-interactivite-fr","tag-direct","tag-evenements-premium","tag-interactivite","tag-international","tag-live","tag-reactivite","tag-souplesse","tag-sur-mesure"],"yoast_head":"<!-- This site is optimized with the Yoast SEO Premium plugin v27.4 (Yoast SEO v27.4) - https:\/\/yoast.com\/product\/yoast-seo-premium-wordpress\/ -->\n<title>Interactivit\u00e9 et vid\u00e9o en direct : Canalchat en 10 points<\/title>\n<meta name=\"description\" content=\"Interactivit\u00e9, direct et vid\u00e9o : Canalchat en 10 points. Un d\u00e9fi pour d\u00e9crire notre activit\u00e9 en quelques lignes seulement.\" \/>\n<meta name=\"robots\" content=\"index, follow, max-snippet:-1, max-image-preview:large, max-video-preview:-1\" \/>\n<link rel=\"canonical\" href=\"https:\/\/www.canalchat.com\/fr\/interactivite-et-video-en-direct-canalchat-en-10-points\/\" \/>\n<meta property=\"og:locale\" content=\"fr_FR\" \/>\n<meta property=\"og:type\" content=\"article\" \/>\n<meta property=\"og:title\" content=\"Canalchat Grandialogue, cr\u00e9ateur d&#039;interactivit\u00e9\" \/>\n<meta property=\"og:description\" content=\"Canalchat produit des \u00e9v\u00e8nements vid\u00e9o en direct, avec de l\u2019interactivit\u00e9.\u200b\" \/>\n<meta property=\"og:url\" content=\"https:\/\/www.canalchat.com\/fr\/interactivite-et-video-en-direct-canalchat-en-10-points\/\" \/>\n<meta property=\"og:site_name\" content=\"Canalchat Grandialogue\" \/>\n<meta property=\"article:publisher\" content=\"https:\/\/www.facebook.com\/CanalchatGrandialogue\" \/>\n<meta property=\"article:modified_time\" content=\"2025-09-22T14:52:36+00:00\" \/>\n<meta property=\"og:image\" content=\"https:\/\/www.canalchat.com\/fr\/wp-content\/uploads\/2024\/01\/Studio-Canalchat-vue-camera.webp\" \/>\n\t<meta property=\"og:image:width\" content=\"1140\" \/>\n\t<meta property=\"og:image:height\" content=\"500\" \/>\n\t<meta property=\"og:image:type\" content=\"image\/webp\" \/>\n<meta name=\"twitter:card\" content=\"summary_large_image\" \/>\n<meta name=\"twitter:description\" content=\"Canalchat Grandialogue cr\u00e9e et produit des \u00e9v\u00e8nements vid\u00e9o en direct, avec de l\u2019interactivit\u00e9.\u200b Nous r\u00e9alisons et diffusons des formats d\u2019\u00e9mission live pour interagir avec vos audiences.\" \/>\n<meta name=\"twitter:site\" content=\"@Canalchat\" \/>\n<meta name=\"twitter:label1\" content=\"Dur\u00e9e de lecture estim\u00e9e\" \/>\n\t<meta name=\"twitter:data1\" content=\"2 minutes\" \/>\n<script type=\"application\/ld+json\" class=\"yoast-schema-graph\">{\"@context\":\"https:\\\/\\\/schema.org\",\"@graph\":[{\"@type\":\"Article\",\"@id\":\"https:\\\/\\\/www.canalchat.com\\\/fr\\\/interactivite-et-video-en-direct-canalchat-en-10-points\\\/#article\",\"isPartOf\":{\"@id\":\"https:\\\/\\\/www.canalchat.com\\\/fr\\\/interactivite-et-video-en-direct-canalchat-en-10-points\\\/\"},\"author\":{\"name\":\"Canalchat\",\"@id\":\"https:\\\/\\\/www.canalchat.com\\\/fr\\\/#\\\/schema\\\/person\\\/a272e19fc2d521e13f88fa4b2d139506\"},\"headline\":\"Interactivit\u00e9 et vid\u00e9o en direct : Canalchat en 10 points\",\"datePublished\":\"2022-09-02T14:58:28+00:00\",\"dateModified\":\"2025-09-22T14:52:36+00:00\",\"mainEntityOfPage\":{\"@id\":\"https:\\\/\\\/www.canalchat.com\\\/fr\\\/interactivite-et-video-en-direct-canalchat-en-10-points\\\/\"},\"wordCount\":174,\"publisher\":{\"@id\":\"https:\\\/\\\/www.canalchat.com\\\/fr\\\/#organization\"},\"image\":{\"@id\":\"https:\\\/\\\/www.canalchat.com\\\/fr\\\/interactivite-et-video-en-direct-canalchat-en-10-points\\\/#primaryimage\"},\"thumbnailUrl\":\"https:\\\/\\\/www.canalchat.com\\\/fr\\\/wp-content\\\/uploads\\\/2025\\\/02\\\/Canalchat10Points-1.png\",\"keywords\":[\"Direct\",\"Ev\u00e9nements premium\",\"Interactivit\u00e9\",\"International\",\"Live\",\"R\u00e9activit\u00e9\",\"Souplesse\",\"Sur-mesure\"],\"articleSection\":[\"Corporate\",\"Format\",\"Interactivit\u00e9\"],\"inLanguage\":\"fr-FR\"},{\"@type\":[\"WebPage\",\"AboutPage\"],\"@id\":\"https:\\\/\\\/www.canalchat.com\\\/fr\\\/interactivite-et-video-en-direct-canalchat-en-10-points\\\/\",\"url\":\"https:\\\/\\\/www.canalchat.com\\\/fr\\\/interactivite-et-video-en-direct-canalchat-en-10-points\\\/\",\"name\":\"Interactivit\u00e9 et vid\u00e9o en direct : Canalchat en 10 points\",\"isPartOf\":{\"@id\":\"https:\\\/\\\/www.canalchat.com\\\/fr\\\/#website\"},\"primaryImageOfPage\":{\"@id\":\"https:\\\/\\\/www.canalchat.com\\\/fr\\\/interactivite-et-video-en-direct-canalchat-en-10-points\\\/#primaryimage\"},\"image\":{\"@id\":\"https:\\\/\\\/www.canalchat.com\\\/fr\\\/interactivite-et-video-en-direct-canalchat-en-10-points\\\/#primaryimage\"},\"thumbnailUrl\":\"https:\\\/\\\/www.canalchat.com\\\/fr\\\/wp-content\\\/uploads\\\/2025\\\/02\\\/Canalchat10Points-1.png\",\"datePublished\":\"2022-09-02T14:58:28+00:00\",\"dateModified\":\"2025-09-22T14:52:36+00:00\",\"description\":\"Interactivit\u00e9, direct et vid\u00e9o : Canalchat en 10 points. Un d\u00e9fi pour d\u00e9crire notre activit\u00e9 en quelques lignes seulement.\",\"breadcrumb\":{\"@id\":\"https:\\\/\\\/www.canalchat.com\\\/fr\\\/interactivite-et-video-en-direct-canalchat-en-10-points\\\/#breadcrumb\"},\"inLanguage\":\"fr-FR\",\"potentialAction\":[{\"@type\":\"ReadAction\",\"target\":[\"https:\\\/\\\/www.canalchat.com\\\/fr\\\/interactivite-et-video-en-direct-canalchat-en-10-points\\\/\"]}]},{\"@type\":\"ImageObject\",\"inLanguage\":\"fr-FR\",\"@id\":\"https:\\\/\\\/www.canalchat.com\\\/fr\\\/interactivite-et-video-en-direct-canalchat-en-10-points\\\/#primaryimage\",\"url\":\"https:\\\/\\\/www.canalchat.com\\\/fr\\\/wp-content\\\/uploads\\\/2025\\\/02\\\/Canalchat10Points-1.png\",\"contentUrl\":\"https:\\\/\\\/www.canalchat.com\\\/fr\\\/wp-content\\\/uploads\\\/2025\\\/02\\\/Canalchat10Points-1.png\",\"width\":1587,\"height\":2245,\"caption\":\"Interactivit\u00e9, direct et vid\u00e9o : Canalchat en 10 points\"},{\"@type\":\"BreadcrumbList\",\"@id\":\"https:\\\/\\\/www.canalchat.com\\\/fr\\\/interactivite-et-video-en-direct-canalchat-en-10-points\\\/#breadcrumb\",\"itemListElement\":[{\"@type\":\"ListItem\",\"position\":1,\"name\":\"Accueil\",\"item\":\"https:\\\/\\\/www.canalchat.com\\\/fr\\\/\"},{\"@type\":\"ListItem\",\"position\":2,\"name\":\"Interactivit\u00e9 et vid\u00e9o en direct : Canalchat en 10 points\"}]},{\"@type\":\"WebSite\",\"@id\":\"https:\\\/\\\/www.canalchat.com\\\/fr\\\/#website\",\"url\":\"https:\\\/\\\/www.canalchat.com\\\/fr\\\/\",\"name\":\"Canalchat Grandialogue\",\"description\":\"Cr\u00e9ateur d&#039;interactivit\u00e9 en direct\",\"publisher\":{\"@id\":\"https:\\\/\\\/www.canalchat.com\\\/fr\\\/#organization\"},\"alternateName\":\"Canalchat\",\"potentialAction\":[{\"@type\":\"SearchAction\",\"target\":{\"@type\":\"EntryPoint\",\"urlTemplate\":\"https:\\\/\\\/www.canalchat.com\\\/fr\\\/?s={search_term_string}\"},\"query-input\":{\"@type\":\"PropertyValueSpecification\",\"valueRequired\":true,\"valueName\":\"search_term_string\"}}],\"inLanguage\":\"fr-FR\"},{\"@type\":\"Organization\",\"@id\":\"https:\\\/\\\/www.canalchat.com\\\/fr\\\/#organization\",\"name\":\"Canalchat Grandialogue\",\"alternateName\":\"Canalchat\",\"url\":\"https:\\\/\\\/www.canalchat.com\\\/fr\\\/\",\"logo\":{\"@type\":\"ImageObject\",\"inLanguage\":\"fr-FR\",\"@id\":\"https:\\\/\\\/www.canalchat.com\\\/fr\\\/#\\\/schema\\\/logo\\\/image\\\/\",\"url\":\"https:\\\/\\\/www.canalchat.com\\\/fr\\\/wp-content\\\/uploads\\\/2023\\\/07\\\/Guillemets-1.jpeg\",\"contentUrl\":\"https:\\\/\\\/www.canalchat.com\\\/fr\\\/wp-content\\\/uploads\\\/2023\\\/07\\\/Guillemets-1.jpeg\",\"width\":200,\"height\":200,\"caption\":\"Canalchat Grandialogue\"},\"image\":{\"@id\":\"https:\\\/\\\/www.canalchat.com\\\/fr\\\/#\\\/schema\\\/logo\\\/image\\\/\"},\"sameAs\":[\"https:\\\/\\\/www.facebook.com\\\/CanalchatGrandialogue\",\"https:\\\/\\\/x.com\\\/Canalchat\",\"https:\\\/\\\/www.linkedin.com\\\/company\\\/canalchat_grandialogue\",\"https:\\\/\\\/www.instagram.com\\\/canalchat\",\"https:\\\/\\\/www.tiktok.com\\\/@canalchatgrandialogue\",\"https:\\\/\\\/www.youtube.com\\\/Canalchat\",\"https:\\\/\\\/fr.pinterest.com\\\/canalchat\\\/\"],\"description\":\"Canalchat Grandialogue cr\u00e9e et produit des \u00e9v\u00e8nements vid\u00e9o en direct, avec de l\u2019interactivit\u00e9.\u200b Nous r\u00e9alisons et diffusons des formats d\u2019\u00e9mission live pour interagir avec vos audiences.\u200b\",\"email\":\"redaction@canalchat.fr\",\"telephone\":\"01 55 28 83 11\",\"legalName\":\"Canalchat Grandialogue\",\"foundingDate\":\"1999-10-01\",\"vatID\":\"FR 17477742688\",\"taxID\":\"477 742 688 00047\",\"numberOfEmployees\":{\"@type\":\"QuantitativeValue\",\"minValue\":\"11\",\"maxValue\":\"50\"},\"publishingPrinciples\":\"https:\\\/\\\/www.canalchat.com\\\/fr\\\/evenementiel\\\/\"},{\"@type\":\"Person\",\"@id\":\"https:\\\/\\\/www.canalchat.com\\\/fr\\\/#\\\/schema\\\/person\\\/a272e19fc2d521e13f88fa4b2d139506\",\"name\":\"Canalchat\",\"sameAs\":[\"https:\\\/\\\/www.canalchat.com\\\/fr\",\"https:\\\/\\\/www.linkedin.com\\\/company\\\/canalchat_grandialogue\\\/\"]}]}<\/script>\n<!-- \/ Yoast SEO Premium plugin. -->","yoast_head_json":{"title":"Interactivit\u00e9 et vid\u00e9o en direct : Canalchat en 10 points","description":"Interactivit\u00e9, direct et vid\u00e9o : Canalchat en 10 points. Un d\u00e9fi pour d\u00e9crire notre activit\u00e9 en quelques lignes seulement.","robots":{"index":"index","follow":"follow","max-snippet":"max-snippet:-1","max-image-preview":"max-image-preview:large","max-video-preview":"max-video-preview:-1"},"canonical":"https:\/\/www.canalchat.com\/fr\/interactivite-et-video-en-direct-canalchat-en-10-points\/","og_locale":"fr_FR","og_type":"article","og_title":"Canalchat Grandialogue, cr\u00e9ateur d'interactivit\u00e9","og_description":"Canalchat produit des \u00e9v\u00e8nements vid\u00e9o en direct, avec de l\u2019interactivit\u00e9.\u200b","og_url":"https:\/\/www.canalchat.com\/fr\/interactivite-et-video-en-direct-canalchat-en-10-points\/","og_site_name":"Canalchat Grandialogue","article_publisher":"https:\/\/www.facebook.com\/CanalchatGrandialogue","article_modified_time":"2025-09-22T14:52:36+00:00","og_image":[{"width":1140,"height":500,"url":"https:\/\/www.canalchat.com\/fr\/wp-content\/uploads\/2024\/01\/Studio-Canalchat-vue-camera.webp","type":"image\/webp"}],"twitter_card":"summary_large_image","twitter_description":"Canalchat Grandialogue cr\u00e9e et produit des \u00e9v\u00e8nements vid\u00e9o en direct, avec de l\u2019interactivit\u00e9.\u200b Nous r\u00e9alisons et diffusons des formats d\u2019\u00e9mission live pour interagir avec vos audiences.","twitter_site":"@Canalchat","twitter_misc":{"Dur\u00e9e de lecture estim\u00e9e":"2 minutes"},"schema":{"@context":"https:\/\/schema.org","@graph":[{"@type":"Article","@id":"https:\/\/www.canalchat.com\/fr\/interactivite-et-video-en-direct-canalchat-en-10-points\/#article","isPartOf":{"@id":"https:\/\/www.canalchat.com\/fr\/interactivite-et-video-en-direct-canalchat-en-10-points\/"},"author":{"name":"Canalchat","@id":"https:\/\/www.canalchat.com\/fr\/#\/schema\/person\/a272e19fc2d521e13f88fa4b2d139506"},"headline":"Interactivit\u00e9 et vid\u00e9o en direct : Canalchat en 10 points","datePublished":"2022-09-02T14:58:28+00:00","dateModified":"2025-09-22T14:52:36+00:00","mainEntityOfPage":{"@id":"https:\/\/www.canalchat.com\/fr\/interactivite-et-video-en-direct-canalchat-en-10-points\/"},"wordCount":174,"publisher":{"@id":"https:\/\/www.canalchat.com\/fr\/#organization"},"image":{"@id":"https:\/\/www.canalchat.com\/fr\/interactivite-et-video-en-direct-canalchat-en-10-points\/#primaryimage"},"thumbnailUrl":"https:\/\/www.canalchat.com\/fr\/wp-content\/uploads\/2025\/02\/Canalchat10Points-1.png","keywords":["Direct","Ev\u00e9nements premium","Interactivit\u00e9","International","Live","R\u00e9activit\u00e9","Souplesse","Sur-mesure"],"articleSection":["Corporate","Format","Interactivit\u00e9"],"inLanguage":"fr-FR"},{"@type":["WebPage","AboutPage"],"@id":"https:\/\/www.canalchat.com\/fr\/interactivite-et-video-en-direct-canalchat-en-10-points\/","url":"https:\/\/www.canalchat.com\/fr\/interactivite-et-video-en-direct-canalchat-en-10-points\/","name":"Interactivit\u00e9 et vid\u00e9o en direct : Canalchat en 10 points","isPartOf":{"@id":"https:\/\/www.canalchat.com\/fr\/#website"},"primaryImageOfPage":{"@id":"https:\/\/www.canalchat.com\/fr\/interactivite-et-video-en-direct-canalchat-en-10-points\/#primaryimage"},"image":{"@id":"https:\/\/www.canalchat.com\/fr\/interactivite-et-video-en-direct-canalchat-en-10-points\/#primaryimage"},"thumbnailUrl":"https:\/\/www.canalchat.com\/fr\/wp-content\/uploads\/2025\/02\/Canalchat10Points-1.png","datePublished":"2022-09-02T14:58:28+00:00","dateModified":"2025-09-22T14:52:36+00:00","description":"Interactivit\u00e9, direct et vid\u00e9o : Canalchat en 10 points. Un d\u00e9fi pour d\u00e9crire notre activit\u00e9 en quelques lignes seulement.","breadcrumb":{"@id":"https:\/\/www.canalchat.com\/fr\/interactivite-et-video-en-direct-canalchat-en-10-points\/#breadcrumb"},"inLanguage":"fr-FR","potentialAction":[{"@type":"ReadAction","target":["https:\/\/www.canalchat.com\/fr\/interactivite-et-video-en-direct-canalchat-en-10-points\/"]}]},{"@type":"ImageObject","inLanguage":"fr-FR","@id":"https:\/\/www.canalchat.com\/fr\/interactivite-et-video-en-direct-canalchat-en-10-points\/#primaryimage","url":"https:\/\/www.canalchat.com\/fr\/wp-content\/uploads\/2025\/02\/Canalchat10Points-1.png","contentUrl":"https:\/\/www.canalchat.com\/fr\/wp-content\/uploads\/2025\/02\/Canalchat10Points-1.png","width":1587,"height":2245,"caption":"Interactivit\u00e9, direct et vid\u00e9o : Canalchat en 10 points"},{"@type":"BreadcrumbList","@id":"https:\/\/www.canalchat.com\/fr\/interactivite-et-video-en-direct-canalchat-en-10-points\/#breadcrumb","itemListElement":[{"@type":"ListItem","position":1,"name":"Accueil","item":"https:\/\/www.canalchat.com\/fr\/"},{"@type":"ListItem","position":2,"name":"Interactivit\u00e9 et vid\u00e9o en direct : Canalchat en 10 points"}]},{"@type":"WebSite","@id":"https:\/\/www.canalchat.com\/fr\/#website","url":"https:\/\/www.canalchat.com\/fr\/","name":"Canalchat Grandialogue","description":"Cr\u00e9ateur d&#039;interactivit\u00e9 en direct","publisher":{"@id":"https:\/\/www.canalchat.com\/fr\/#organization"},"alternateName":"Canalchat","potentialAction":[{"@type":"SearchAction","target":{"@type":"EntryPoint","urlTemplate":"https:\/\/www.canalchat.com\/fr\/?s={search_term_string}"},"query-input":{"@type":"PropertyValueSpecification","valueRequired":true,"valueName":"search_term_string"}}],"inLanguage":"fr-FR"},{"@type":"Organization","@id":"https:\/\/www.canalchat.com\/fr\/#organization","name":"Canalchat Grandialogue","alternateName":"Canalchat","url":"https:\/\/www.canalchat.com\/fr\/","logo":{"@type":"ImageObject","inLanguage":"fr-FR","@id":"https:\/\/www.canalchat.com\/fr\/#\/schema\/logo\/image\/","url":"https:\/\/www.canalchat.com\/fr\/wp-content\/uploads\/2023\/07\/Guillemets-1.jpeg","contentUrl":"https:\/\/www.canalchat.com\/fr\/wp-content\/uploads\/2023\/07\/Guillemets-1.jpeg","width":200,"height":200,"caption":"Canalchat Grandialogue"},"image":{"@id":"https:\/\/www.canalchat.com\/fr\/#\/schema\/logo\/image\/"},"sameAs":["https:\/\/www.facebook.com\/CanalchatGrandialogue","https:\/\/x.com\/Canalchat","https:\/\/www.linkedin.com\/company\/canalchat_grandialogue","https:\/\/www.instagram.com\/canalchat","https:\/\/www.tiktok.com\/@canalchatgrandialogue","https:\/\/www.youtube.com\/Canalchat","https:\/\/fr.pinterest.com\/canalchat\/"],"description":"Canalchat Grandialogue cr\u00e9e et produit des \u00e9v\u00e8nements vid\u00e9o en direct, avec de l\u2019interactivit\u00e9.\u200b Nous r\u00e9alisons et diffusons des formats d\u2019\u00e9mission live pour interagir avec vos audiences.\u200b","email":"redaction@canalchat.fr","telephone":"01 55 28 83 11","legalName":"Canalchat Grandialogue","foundingDate":"1999-10-01","vatID":"FR 17477742688","taxID":"477 742 688 00047","numberOfEmployees":{"@type":"QuantitativeValue","minValue":"11","maxValue":"50"},"publishingPrinciples":"https:\/\/www.canalchat.com\/fr\/evenementiel\/"},{"@type":"Person","@id":"https:\/\/www.canalchat.com\/fr\/#\/schema\/person\/a272e19fc2d521e13f88fa4b2d139506","name":"Canalchat","sameAs":["https:\/\/www.canalchat.com\/fr","https:\/\/www.linkedin.com\/company\/canalchat_grandialogue\/"]}]}},"_links":{"self":[{"href":"https:\/\/www.canalchat.com\/fr\/wp-json\/wp\/v2\/pages\/5465","targetHints":{"allow":["GET"]}}],"collection":[{"href":"https:\/\/www.canalchat.com\/fr\/wp-json\/wp\/v2\/pages"}],"about":[{"href":"https:\/\/www.canalchat.com\/fr\/wp-json\/wp\/v2\/types\/page"}],"author":[{"embeddable":true,"href":"https:\/\/www.canalchat.com\/fr\/wp-json\/wp\/v2\/users\/1"}],"replies":[{"embeddable":true,"href":"https:\/\/www.canalchat.com\/fr\/wp-json\/wp\/v2\/comments?post=5465"}],"version-history":[{"count":8,"href":"https:\/\/www.canalchat.com\/fr\/wp-json\/wp\/v2\/pages\/5465\/revisions"}],"predecessor-version":[{"id":10076,"href":"https:\/\/www.canalchat.com\/fr\/wp-json\/wp\/v2\/pages\/5465\/revisions\/10076"}],"wp:attachment":[{"href":"https:\/\/www.canalchat.com\/fr\/wp-json\/wp\/v2\/media?parent=5465"}],"wp:term":[{"taxonomy":"category","embeddable":true,"href":"https:\/\/www.canalchat.com\/fr\/wp-json\/wp\/v2\/categories?post=5465"},{"taxonomy":"post_tag","embeddable":true,"href":"https:\/\/www.canalchat.com\/fr\/wp-json\/wp\/v2\/tags?post=5465"}],"curies":[{"name":"wp","href":"https:\/\/api.w.org\/{rel}","templated":true}]}}