{"id":5175,"date":"2022-04-21T17:17:33","date_gmt":"2022-04-21T15:17:33","guid":{"rendered":"https:\/\/www.canalchat.com\/fr\/?page_id=5175"},"modified":"2025-09-29T14:37:40","modified_gmt":"2025-09-29T12:37:40","slug":"canalchat-grandialogue","status":"publish","type":"page","link":"https:\/\/www.canalchat.com\/fr\/","title":{"rendered":"Canalchat Grandialogue, cr\u00e9ateur d&rsquo;interactivit\u00e9 en direct"},"content":{"rendered":"<p style=\"text-align: center;\"><strong>Canalchat Grandialogue, <a href=\"https:\/\/www.canalchat.com\/fr\/interactivite-et-video-en-direct-canalchat-en-10-points\/\" target=\"_blank\" rel=\"noopener\">cr\u00e9ateur d&rsquo;interactivit\u00e9 en direct<\/a>. <a href=\"https:\/\/www.frenchweb.fr\/canalchat-grandialogue-plateforme-reference-chat-evenementiel\/10637\" target=\"_blank\" rel=\"noopener\">Nous produisons et diffusons des \u00e9v\u00e9nements vid\u00e9o live &amp; interactifs<\/a>.<\/strong><\/p>\n<p style=\"text-align: center;\"><span data-scheme-color=\"@FFFFFF,0,\" data-usefontface=\"true\" data-contrast=\"none\">Nous r\u00e9alisons et diffusons des formats d\u2019\u00e9mission live pour interagir avec vos audiences.<\/span><span>\u200b<\/span><\/p>\n<p style=\"text-align: center;\"><strong><img loading=\"lazy\" decoding=\"async\" src=\"https:\/\/www.canalchat.com\/fr\/wp-content\/uploads\/2017\/05\/cropped-cropped-logoccgdfra.png\" alt=\"Canalchat Grandialogue live vid\u00e9o interactivit\u00e9\" width=\"517\" height=\"225\" class=\"alignnone wp-image-5265 size-full\" srcset=\"https:\/\/www.canalchat.com\/fr\/wp-content\/uploads\/2017\/05\/cropped-cropped-logoccgdfra.png 517w, https:\/\/www.canalchat.com\/fr\/wp-content\/uploads\/2017\/05\/cropped-cropped-logoccgdfra-300x131.png 300w\" sizes=\"auto, (max-width: 517px) 100vw, 517px\" \/><\/strong><\/p>\n<h2>Canalchat Grandialogue cr\u00e9\u00e9 des \u00e9v\u00e9nements interactifs en direct et en vid\u00e9o.<\/h2>\n<p>Webinaires, webconf\u00e9rences, webcasts, \u00e9missions TV, Townhall, r\u00e9union collaborateurs,, meeting actionnaires&#8230; ce savoir-faire se d\u00e9cline dans de nombreux formats. Nous vous accompagnons pour trouver le format adapt\u00e9 \u00e0 votre prise de parole en direct.<\/p>\n<p>Notre savoir-faire se situe \u00e0 la crois\u00e9e de plusieurs domaines d&rsquo;expertise. La team Canalchat est au carrefour de : technique, s\u00e9curit\u00e9, production vid\u00e9o, savoir-faire \u00e9ditorial ou encore gestion de projet \u00e9v\u00e9nementiel.<\/p>\n<p>Nous mettons \u00e9galement \u00e0 votre disposition notre studio Canalchat en plein coeur de Paris, tout pr\u00e8s de la place de la Bastille, \u00e0 quelques pas du m\u00e9tro Ledru-Rollin. <span>Ce lieu de tournage est un espace \u00e0 la fois moderne et cosy, d\u2019une superficie totale de 140 m\u00e8tres carr\u00e9s. Il se compose d\u2019<\/span><a href=\"https:\/\/www.youtube.com\/watch?v=ikWQq1wC7Rw\" target=\"_blank\" rel=\"noopener\">un studio, d\u2019une r\u00e9gie, d\u2019une salle de r\u00e9union et d\u2019un espace de r\u00e9ception.<\/a><span> <\/span><\/p>\n<p><span>1. Des \u00e9v\u00e9nements 100% <\/span><strong>live<\/strong><br \/>\n<span>2. Captation, r\u00e9alisation et streaming <\/span><strong>vid\u00e9o en direct<\/strong><br \/>\n<span>3. Plateforme interactive<\/span><span> pour stimuler votre audience<\/span><br \/>\n<span>4. Des formats <\/span><strong>sur-mesure<\/strong><br \/>\n<span>5. La <\/span><strong>r\u00e9activit\u00e9<\/strong><span> de nos \u00e9quipes<\/span><br \/>\n<span>6. Dans <\/span><strong>notre studio<\/strong><span> ou dans <\/span><strong>vos locaux<\/strong><br \/>\n<span>7. <\/span><strong>Un seul interlocuteur<\/strong><span> pour vous accompagner<\/span><br \/>\n<span>8. Expert des <\/span><strong>grands rendez-vous<\/strong><span> de communication<\/span><br \/>\n<span>9. <\/span><strong>20 ans d\u2019exp\u00e9rience<\/strong><span> du dialogue en direct<\/span><br \/>\n<span>10. Des bureaux \u00e0 <\/span><strong>Paris<\/strong><span> et \u00e0 <\/span><strong>New York<\/strong><\/p>\n","protected":false},"excerpt":{"rendered":"<p>Canalchat Grandialogue, cr\u00e9ateur d&rsquo;interactivit\u00e9 en direct. Nous produisons et diffusons des \u00e9v\u00e9nements vid\u00e9o live &amp; interactifs. Nous r\u00e9alisons et diffusons des formats d\u2019\u00e9mission live pour interagir avec vos audiences.\u200b Canalchat Grandialogue cr\u00e9\u00e9 des \u00e9v\u00e9nements interactifs en direct et en vid\u00e9o. Webinaires, webconf\u00e9rences, webcasts, \u00e9missions TV, Townhall, r\u00e9union collaborateurs,, meeting actionnaires&#8230; [&hellip;]<\/p>\n","protected":false},"author":1,"featured_media":0,"parent":0,"menu_order":0,"comment_status":"closed","ping_status":"closed","template":"","meta":{"ngg_post_thumbnail":0,"footnotes":""},"categories":[1],"tags":[71,129,155,78],"class_list":["post-5175","page","type-page","status-publish","hentry","category-non-classe","tag-direct","tag-interactivite","tag-live","tag-video"],"yoast_head":"<!-- This site is optimized with the Yoast SEO Premium plugin v27.5 (Yoast SEO v27.5) - https:\/\/yoast.com\/product\/yoast-seo-premium-wordpress\/ -->\n<title>Canalchat Grandialogue, cr\u00e9ateur d&#039;interactivit\u00e9 en direct<\/title>\n<meta name=\"description\" content=\"Canalchat Grandialogue, cr\u00e9ateur d&#039;interactivit\u00e9 en direct. Nous produisons et diffusons des \u00e9missions vid\u00e9o live et interactives.\" \/>\n<meta name=\"robots\" content=\"index, follow, max-snippet:-1, max-image-preview:large, max-video-preview:-1\" \/>\n<link rel=\"canonical\" href=\"https:\/\/www.canalchat.com\/fr\/\" \/>\n<meta property=\"og:locale\" content=\"fr_FR\" \/>\n<meta property=\"og:type\" content=\"article\" \/>\n<meta property=\"og:title\" content=\"Canalchat Grandialogue, cr\u00e9ateur d&#039;interactivit\u00e9 en direct\" \/>\n<meta property=\"og:description\" content=\"Nous cr\u00e9ons des \u00e9v\u00e8nements vid\u00e9o et interactifs en direct.\u200b Nous proposons des formats live pour interagir avec vos audiences.\u200b\" \/>\n<meta property=\"og:url\" content=\"https:\/\/www.canalchat.com\/fr\/\" \/>\n<meta property=\"og:site_name\" content=\"Canalchat Grandialogue\" \/>\n<meta property=\"article:publisher\" content=\"https:\/\/www.facebook.com\/CanalchatGrandialogue\" \/>\n<meta property=\"article:modified_time\" content=\"2025-09-29T12:37:40+00:00\" \/>\n<meta property=\"og:image\" content=\"https:\/\/www.canalchat.com\/fr\/wp-content\/uploads\/2023\/07\/Guillemets-1.jpeg\" \/>\n\t<meta property=\"og:image:width\" content=\"200\" \/>\n\t<meta property=\"og:image:height\" content=\"200\" \/>\n\t<meta property=\"og:image:type\" content=\"image\/jpeg\" \/>\n<meta name=\"twitter:card\" content=\"summary_large_image\" \/>\n<meta name=\"twitter:title\" content=\"Canalchat Grandialogue, cr\u00e9ateur d&#039;interactivit\u00e9 en direct\" \/>\n<meta name=\"twitter:description\" content=\"Nous cr\u00e9ons des \u00e9v\u00e8nements vid\u00e9o et interactifs en direct.\u200b Nous proposons des formats live pour interagir avec vos audiences.\u200b\" \/>\n<meta name=\"twitter:image\" content=\"https:\/\/www.canalchat.com\/fr\/wp-content\/uploads\/2022\/08\/studio_canalchat_2022-19-scaled.jpg\" \/>\n<meta name=\"twitter:site\" content=\"@Canalchat\" \/>\n<meta name=\"twitter:label1\" content=\"Dur\u00e9e de lecture estim\u00e9e\" \/>\n\t<meta name=\"twitter:data1\" content=\"2 minutes\" \/>\n<script type=\"application\/ld+json\" class=\"yoast-schema-graph\">{\"@context\":\"https:\\\/\\\/schema.org\",\"@graph\":[{\"@type\":\"Article\",\"@id\":\"https:\\\/\\\/www.canalchat.com\\\/fr\\\/#article\",\"isPartOf\":{\"@id\":\"https:\\\/\\\/www.canalchat.com\\\/fr\\\/\"},\"author\":{\"name\":\"Canalchat\",\"@id\":\"https:\\\/\\\/www.canalchat.com\\\/fr\\\/#\\\/schema\\\/person\\\/a272e19fc2d521e13f88fa4b2d139506\"},\"headline\":\"Canalchat Grandialogue, cr\u00e9ateur d&rsquo;interactivit\u00e9 en direct\",\"datePublished\":\"2022-04-21T15:17:33+00:00\",\"dateModified\":\"2025-09-29T12:37:40+00:00\",\"mainEntityOfPage\":{\"@id\":\"https:\\\/\\\/www.canalchat.com\\\/fr\\\/\"},\"wordCount\":258,\"publisher\":{\"@id\":\"https:\\\/\\\/www.canalchat.com\\\/fr\\\/#organization\"},\"image\":{\"@id\":\"https:\\\/\\\/www.canalchat.com\\\/fr\\\/#primaryimage\"},\"thumbnailUrl\":\"https:\\\/\\\/www.canalchat.com\\\/fr\\\/wp-content\\\/uploads\\\/2017\\\/05\\\/cropped-cropped-logoccgdfra.png\",\"keywords\":[\"Direct\",\"Interactivit\u00e9\",\"Live\",\"Vid\u00e9o\"],\"inLanguage\":\"fr-FR\"},{\"@type\":\"WebPage\",\"@id\":\"https:\\\/\\\/www.canalchat.com\\\/fr\\\/\",\"url\":\"https:\\\/\\\/www.canalchat.com\\\/fr\\\/\",\"name\":\"Canalchat Grandialogue, cr\u00e9ateur d'interactivit\u00e9 en direct\",\"isPartOf\":{\"@id\":\"https:\\\/\\\/www.canalchat.com\\\/fr\\\/#website\"},\"primaryImageOfPage\":{\"@id\":\"https:\\\/\\\/www.canalchat.com\\\/fr\\\/#primaryimage\"},\"image\":{\"@id\":\"https:\\\/\\\/www.canalchat.com\\\/fr\\\/#primaryimage\"},\"thumbnailUrl\":\"https:\\\/\\\/www.canalchat.com\\\/fr\\\/wp-content\\\/uploads\\\/2017\\\/05\\\/cropped-cropped-logoccgdfra.png\",\"datePublished\":\"2022-04-21T15:17:33+00:00\",\"dateModified\":\"2025-09-29T12:37:40+00:00\",\"description\":\"Canalchat Grandialogue, cr\u00e9ateur d'interactivit\u00e9 en direct. Nous produisons et diffusons des \u00e9missions vid\u00e9o live et interactives.\",\"breadcrumb\":{\"@id\":\"https:\\\/\\\/www.canalchat.com\\\/fr\\\/#breadcrumb\"},\"inLanguage\":\"fr-FR\",\"potentialAction\":[{\"@type\":\"ReadAction\",\"target\":[\"https:\\\/\\\/www.canalchat.com\\\/fr\\\/\"]}]},{\"@type\":\"ImageObject\",\"inLanguage\":\"fr-FR\",\"@id\":\"https:\\\/\\\/www.canalchat.com\\\/fr\\\/#primaryimage\",\"url\":\"https:\\\/\\\/www.canalchat.com\\\/fr\\\/wp-content\\\/uploads\\\/2017\\\/05\\\/cropped-cropped-logoccgdfra.png\",\"contentUrl\":\"https:\\\/\\\/www.canalchat.com\\\/fr\\\/wp-content\\\/uploads\\\/2017\\\/05\\\/cropped-cropped-logoccgdfra.png\",\"width\":517,\"height\":225,\"caption\":\"Logo Canalchat Grandialogue\"},{\"@type\":\"BreadcrumbList\",\"@id\":\"https:\\\/\\\/www.canalchat.com\\\/fr\\\/#breadcrumb\",\"itemListElement\":[{\"@type\":\"ListItem\",\"position\":1,\"name\":\"Accueil\",\"item\":\"https:\\\/\\\/www.canalchat.com\\\/fr\\\/\"},{\"@type\":\"ListItem\",\"position\":2,\"name\":\"Canalchat Grandialogue, cr\u00e9ateur d&rsquo;interactivit\u00e9 en direct\"}]},{\"@type\":\"WebSite\",\"@id\":\"https:\\\/\\\/www.canalchat.com\\\/fr\\\/#website\",\"url\":\"https:\\\/\\\/www.canalchat.com\\\/fr\\\/\",\"name\":\"Canalchat Grandialogue\",\"description\":\"Cr\u00e9ateur d&#039;interactivit\u00e9 en direct\",\"publisher\":{\"@id\":\"https:\\\/\\\/www.canalchat.com\\\/fr\\\/#organization\"},\"alternateName\":\"Canalchat\",\"potentialAction\":[{\"@type\":\"SearchAction\",\"target\":{\"@type\":\"EntryPoint\",\"urlTemplate\":\"https:\\\/\\\/www.canalchat.com\\\/fr\\\/?s={search_term_string}\"},\"query-input\":{\"@type\":\"PropertyValueSpecification\",\"valueRequired\":true,\"valueName\":\"search_term_string\"}}],\"inLanguage\":\"fr-FR\"},{\"@type\":\"Organization\",\"@id\":\"https:\\\/\\\/www.canalchat.com\\\/fr\\\/#organization\",\"name\":\"Canalchat Grandialogue\",\"alternateName\":\"Canalchat\",\"url\":\"https:\\\/\\\/www.canalchat.com\\\/fr\\\/\",\"logo\":{\"@type\":\"ImageObject\",\"inLanguage\":\"fr-FR\",\"@id\":\"https:\\\/\\\/www.canalchat.com\\\/fr\\\/#\\\/schema\\\/logo\\\/image\\\/\",\"url\":\"https:\\\/\\\/www.canalchat.com\\\/fr\\\/wp-content\\\/uploads\\\/2023\\\/07\\\/Guillemets-1.jpeg\",\"contentUrl\":\"https:\\\/\\\/www.canalchat.com\\\/fr\\\/wp-content\\\/uploads\\\/2023\\\/07\\\/Guillemets-1.jpeg\",\"width\":200,\"height\":200,\"caption\":\"Canalchat Grandialogue\"},\"image\":{\"@id\":\"https:\\\/\\\/www.canalchat.com\\\/fr\\\/#\\\/schema\\\/logo\\\/image\\\/\"},\"sameAs\":[\"https:\\\/\\\/www.facebook.com\\\/CanalchatGrandialogue\",\"https:\\\/\\\/x.com\\\/Canalchat\",\"https:\\\/\\\/www.linkedin.com\\\/company\\\/canalchat_grandialogue\",\"https:\\\/\\\/www.instagram.com\\\/canalchat\",\"https:\\\/\\\/www.tiktok.com\\\/@canalchatgrandialogue\",\"https:\\\/\\\/www.youtube.com\\\/Canalchat\",\"https:\\\/\\\/fr.pinterest.com\\\/canalchat\\\/\"],\"description\":\"Canalchat Grandialogue cr\u00e9e et produit des \u00e9v\u00e8nements vid\u00e9o en direct, avec de l\u2019interactivit\u00e9.\u200b Nous r\u00e9alisons et diffusons des formats d\u2019\u00e9mission live pour interagir avec vos audiences.\u200b\",\"email\":\"redaction@canalchat.fr\",\"telephone\":\"01 55 28 83 11\",\"legalName\":\"Canalchat Grandialogue\",\"foundingDate\":\"1999-10-01\",\"vatID\":\"FR 17477742688\",\"taxID\":\"477 742 688 00047\",\"numberOfEmployees\":{\"@type\":\"QuantitativeValue\",\"minValue\":\"11\",\"maxValue\":\"50\"},\"publishingPrinciples\":\"https:\\\/\\\/www.canalchat.com\\\/fr\\\/evenementiel\\\/\"},{\"@type\":\"Person\",\"@id\":\"https:\\\/\\\/www.canalchat.com\\\/fr\\\/#\\\/schema\\\/person\\\/a272e19fc2d521e13f88fa4b2d139506\",\"name\":\"Canalchat\",\"sameAs\":[\"https:\\\/\\\/www.canalchat.com\\\/fr\",\"https:\\\/\\\/www.linkedin.com\\\/company\\\/canalchat_grandialogue\\\/\"]}]}<\/script>\n<!-- \/ Yoast SEO Premium plugin. -->","yoast_head_json":{"title":"Canalchat Grandialogue, cr\u00e9ateur d'interactivit\u00e9 en direct","description":"Canalchat Grandialogue, cr\u00e9ateur d'interactivit\u00e9 en direct. Nous produisons et diffusons des \u00e9missions vid\u00e9o live et interactives.","robots":{"index":"index","follow":"follow","max-snippet":"max-snippet:-1","max-image-preview":"max-image-preview:large","max-video-preview":"max-video-preview:-1"},"canonical":"https:\/\/www.canalchat.com\/fr\/","og_locale":"fr_FR","og_type":"article","og_title":"Canalchat Grandialogue, cr\u00e9ateur d'interactivit\u00e9 en direct","og_description":"Nous cr\u00e9ons des \u00e9v\u00e8nements vid\u00e9o et interactifs en direct.\u200b Nous proposons des formats live pour interagir avec vos audiences.\u200b","og_url":"https:\/\/www.canalchat.com\/fr\/","og_site_name":"Canalchat Grandialogue","article_publisher":"https:\/\/www.facebook.com\/CanalchatGrandialogue","article_modified_time":"2025-09-29T12:37:40+00:00","og_image":[{"width":200,"height":200,"url":"https:\/\/www.canalchat.com\/fr\/wp-content\/uploads\/2023\/07\/Guillemets-1.jpeg","type":"image\/jpeg"}],"twitter_card":"summary_large_image","twitter_title":"Canalchat Grandialogue, cr\u00e9ateur d'interactivit\u00e9 en direct","twitter_description":"Nous cr\u00e9ons des \u00e9v\u00e8nements vid\u00e9o et interactifs en direct.\u200b Nous proposons des formats live pour interagir avec vos audiences.\u200b","twitter_image":"https:\/\/www.canalchat.com\/fr\/wp-content\/uploads\/2022\/08\/studio_canalchat_2022-19-scaled.jpg","twitter_site":"@Canalchat","twitter_misc":{"Dur\u00e9e de lecture estim\u00e9e":"2 minutes"},"schema":{"@context":"https:\/\/schema.org","@graph":[{"@type":"Article","@id":"https:\/\/www.canalchat.com\/fr\/#article","isPartOf":{"@id":"https:\/\/www.canalchat.com\/fr\/"},"author":{"name":"Canalchat","@id":"https:\/\/www.canalchat.com\/fr\/#\/schema\/person\/a272e19fc2d521e13f88fa4b2d139506"},"headline":"Canalchat Grandialogue, cr\u00e9ateur d&rsquo;interactivit\u00e9 en direct","datePublished":"2022-04-21T15:17:33+00:00","dateModified":"2025-09-29T12:37:40+00:00","mainEntityOfPage":{"@id":"https:\/\/www.canalchat.com\/fr\/"},"wordCount":258,"publisher":{"@id":"https:\/\/www.canalchat.com\/fr\/#organization"},"image":{"@id":"https:\/\/www.canalchat.com\/fr\/#primaryimage"},"thumbnailUrl":"https:\/\/www.canalchat.com\/fr\/wp-content\/uploads\/2017\/05\/cropped-cropped-logoccgdfra.png","keywords":["Direct","Interactivit\u00e9","Live","Vid\u00e9o"],"inLanguage":"fr-FR"},{"@type":"WebPage","@id":"https:\/\/www.canalchat.com\/fr\/","url":"https:\/\/www.canalchat.com\/fr\/","name":"Canalchat Grandialogue, cr\u00e9ateur d'interactivit\u00e9 en direct","isPartOf":{"@id":"https:\/\/www.canalchat.com\/fr\/#website"},"primaryImageOfPage":{"@id":"https:\/\/www.canalchat.com\/fr\/#primaryimage"},"image":{"@id":"https:\/\/www.canalchat.com\/fr\/#primaryimage"},"thumbnailUrl":"https:\/\/www.canalchat.com\/fr\/wp-content\/uploads\/2017\/05\/cropped-cropped-logoccgdfra.png","datePublished":"2022-04-21T15:17:33+00:00","dateModified":"2025-09-29T12:37:40+00:00","description":"Canalchat Grandialogue, cr\u00e9ateur d'interactivit\u00e9 en direct. Nous produisons et diffusons des \u00e9missions vid\u00e9o live et interactives.","breadcrumb":{"@id":"https:\/\/www.canalchat.com\/fr\/#breadcrumb"},"inLanguage":"fr-FR","potentialAction":[{"@type":"ReadAction","target":["https:\/\/www.canalchat.com\/fr\/"]}]},{"@type":"ImageObject","inLanguage":"fr-FR","@id":"https:\/\/www.canalchat.com\/fr\/#primaryimage","url":"https:\/\/www.canalchat.com\/fr\/wp-content\/uploads\/2017\/05\/cropped-cropped-logoccgdfra.png","contentUrl":"https:\/\/www.canalchat.com\/fr\/wp-content\/uploads\/2017\/05\/cropped-cropped-logoccgdfra.png","width":517,"height":225,"caption":"Logo Canalchat Grandialogue"},{"@type":"BreadcrumbList","@id":"https:\/\/www.canalchat.com\/fr\/#breadcrumb","itemListElement":[{"@type":"ListItem","position":1,"name":"Accueil","item":"https:\/\/www.canalchat.com\/fr\/"},{"@type":"ListItem","position":2,"name":"Canalchat Grandialogue, cr\u00e9ateur d&rsquo;interactivit\u00e9 en direct"}]},{"@type":"WebSite","@id":"https:\/\/www.canalchat.com\/fr\/#website","url":"https:\/\/www.canalchat.com\/fr\/","name":"Canalchat Grandialogue","description":"Cr\u00e9ateur d&#039;interactivit\u00e9 en direct","publisher":{"@id":"https:\/\/www.canalchat.com\/fr\/#organization"},"alternateName":"Canalchat","potentialAction":[{"@type":"SearchAction","target":{"@type":"EntryPoint","urlTemplate":"https:\/\/www.canalchat.com\/fr\/?s={search_term_string}"},"query-input":{"@type":"PropertyValueSpecification","valueRequired":true,"valueName":"search_term_string"}}],"inLanguage":"fr-FR"},{"@type":"Organization","@id":"https:\/\/www.canalchat.com\/fr\/#organization","name":"Canalchat Grandialogue","alternateName":"Canalchat","url":"https:\/\/www.canalchat.com\/fr\/","logo":{"@type":"ImageObject","inLanguage":"fr-FR","@id":"https:\/\/www.canalchat.com\/fr\/#\/schema\/logo\/image\/","url":"https:\/\/www.canalchat.com\/fr\/wp-content\/uploads\/2023\/07\/Guillemets-1.jpeg","contentUrl":"https:\/\/www.canalchat.com\/fr\/wp-content\/uploads\/2023\/07\/Guillemets-1.jpeg","width":200,"height":200,"caption":"Canalchat Grandialogue"},"image":{"@id":"https:\/\/www.canalchat.com\/fr\/#\/schema\/logo\/image\/"},"sameAs":["https:\/\/www.facebook.com\/CanalchatGrandialogue","https:\/\/x.com\/Canalchat","https:\/\/www.linkedin.com\/company\/canalchat_grandialogue","https:\/\/www.instagram.com\/canalchat","https:\/\/www.tiktok.com\/@canalchatgrandialogue","https:\/\/www.youtube.com\/Canalchat","https:\/\/fr.pinterest.com\/canalchat\/"],"description":"Canalchat Grandialogue cr\u00e9e et produit des \u00e9v\u00e8nements vid\u00e9o en direct, avec de l\u2019interactivit\u00e9.\u200b Nous r\u00e9alisons et diffusons des formats d\u2019\u00e9mission live pour interagir avec vos audiences.\u200b","email":"redaction@canalchat.fr","telephone":"01 55 28 83 11","legalName":"Canalchat Grandialogue","foundingDate":"1999-10-01","vatID":"FR 17477742688","taxID":"477 742 688 00047","numberOfEmployees":{"@type":"QuantitativeValue","minValue":"11","maxValue":"50"},"publishingPrinciples":"https:\/\/www.canalchat.com\/fr\/evenementiel\/"},{"@type":"Person","@id":"https:\/\/www.canalchat.com\/fr\/#\/schema\/person\/a272e19fc2d521e13f88fa4b2d139506","name":"Canalchat","sameAs":["https:\/\/www.canalchat.com\/fr","https:\/\/www.linkedin.com\/company\/canalchat_grandialogue\/"]}]}},"_links":{"self":[{"href":"https:\/\/www.canalchat.com\/fr\/wp-json\/wp\/v2\/pages\/5175","targetHints":{"allow":["GET"]}}],"collection":[{"href":"https:\/\/www.canalchat.com\/fr\/wp-json\/wp\/v2\/pages"}],"about":[{"href":"https:\/\/www.canalchat.com\/fr\/wp-json\/wp\/v2\/types\/page"}],"author":[{"embeddable":true,"href":"https:\/\/www.canalchat.com\/fr\/wp-json\/wp\/v2\/users\/1"}],"replies":[{"embeddable":true,"href":"https:\/\/www.canalchat.com\/fr\/wp-json\/wp\/v2\/comments?post=5175"}],"version-history":[{"count":6,"href":"https:\/\/www.canalchat.com\/fr\/wp-json\/wp\/v2\/pages\/5175\/revisions"}],"predecessor-version":[{"id":10095,"href":"https:\/\/www.canalchat.com\/fr\/wp-json\/wp\/v2\/pages\/5175\/revisions\/10095"}],"wp:attachment":[{"href":"https:\/\/www.canalchat.com\/fr\/wp-json\/wp\/v2\/media?parent=5175"}],"wp:term":[{"taxonomy":"category","embeddable":true,"href":"https:\/\/www.canalchat.com\/fr\/wp-json\/wp\/v2\/categories?post=5175"},{"taxonomy":"post_tag","embeddable":true,"href":"https:\/\/www.canalchat.com\/fr\/wp-json\/wp\/v2\/tags?post=5175"}],"curies":[{"name":"wp","href":"https:\/\/api.w.org\/{rel}","templated":true}]}}