{"id":363,"date":"2017-03-31T13:38:00","date_gmt":"2017-03-31T11:38:00","guid":{"rendered":"http:\/\/new.canalchat.com\/fr\/?page_id=363"},"modified":"2025-05-07T15:21:10","modified_gmt":"2025-05-07T13:21:10","slug":"webchat","status":"publish","type":"page","link":"https:\/\/www.canalchat.com\/fr\/webchat\/","title":{"rendered":"Webchat"},"content":{"rendered":"<h1><strong><span style=\"color: #da1382;\">Total, Vallourec, Fnac Darty<\/span><\/strong><\/h1>\nngg_shortcode_0_placeholder\n<ul>\n<li><strong><span style=\"color: #da1382;\">Intervenants<\/span> : Dirigeants d&rsquo;entreprise<\/strong><\/li>\n<li><strong><span style=\"color: #da1382;\">Public<\/span> : \u00c0 distance<\/strong><\/li>\n<li><strong><span style=\"color: #da1382;\">Cible<\/span> : Interne<\/strong><\/li>\n<li><strong><span style=\"color: #da1382;\">Interactivit\u00e9<\/span> : Questions en direct\u200b<\/strong><\/li>\n<li><strong><span style=\"color: #da1382;\">M\u00e9dias<\/span> : Teaser, slides et photos en direct<\/strong><\/li>\n<li><strong><span style=\"color: #da1382;\">Lieu<\/span> : Chez le client, dans nos locaux, \u00e0 distance<\/strong><\/li>\n<\/ul>\n<p>Depuis une quinzaine d&rsquo;ann\u00e9es, Canalchat Grandialogue s&rsquo;est impos\u00e9 comme la r\u00e9f\u00e9rence pour la cr\u00e9ation de formats interactifs d\u00e9di\u00e9s au top management des plus grandes entreprises. Nos savoir-faire en mati\u00e8re de diffusion, d&rsquo;accessibilit\u00e9, de s\u00e9curisation et d&rsquo;accompagnement \u00e9ditorial sont devenues des garanties indispensables pour le bon d\u00e9roulement des \u00e9v\u00e9nements internes de nos clients. C&rsquo;est pourquoi <a href=\"https:\/\/www.canalchat.com\/fr\/total-ms-dialogue-interne\/\" target=\"_blank\" rel=\"noopener\">TOTAL<\/a>, <a href=\"https:\/\/www.canalchat.com\/fr\/vallourec-les-collaborateurs-du-monde-entier-ont-pu-echanger-en-direct-avec-leur-direction\/\" target=\"_blank\" rel=\"noopener\">VALLOUREC<\/a>, <a href=\"https:\/\/www.canalchat.com\/fr\/webchat-interne-fnac-darty\/\" target=\"_blank\" rel=\"noopener\">FNAC DARTY<\/a> nous ont fait confiance pour la r\u00e9alisation en direct de leurs webchats. C&rsquo;est pourquoi toujours plus d&rsquo;entreprises font appel \u00e0 nous pour faciliter le dialogue et l&rsquo;engagement de leurs collaborateurs et de leurs clients.<\/p>\n","protected":false},"excerpt":{"rendered":"<p>Total, Vallourec, Fnac Darty Intervenants : Dirigeants d&rsquo;entreprise Public : \u00c0 distance Cible : Interne Interactivit\u00e9 : Questions en direct\u200b M\u00e9dias : Teaser, slides et photos en direct Lieu : Chez le client, dans nos locaux, \u00e0 distance Depuis une quinzaine d&rsquo;ann\u00e9es, Canalchat Grandialogue s&rsquo;est impos\u00e9 comme la r\u00e9f\u00e9rence pour [&hellip;]<\/p>\n","protected":false},"author":1,"featured_media":0,"parent":0,"menu_order":0,"comment_status":"closed","ping_status":"closed","template":"","meta":{"ngg_post_thumbnail":0,"footnotes":""},"categories":[],"tags":[396,378,395],"class_list":["post-363","page","type-page","status-publish","hentry","tag-dialogue-en-direct","tag-interactif","tag-webchat"],"yoast_head":"<!-- This site is optimized with the Yoast SEO Premium plugin v27.5 (Yoast SEO v27.5) - https:\/\/yoast.com\/product\/yoast-seo-premium-wordpress\/ -->\n<title>Webchat - Canalchat Grandialogue<\/title>\n<meta name=\"description\" content=\"Canalchat Grandialogue fait le pari de l&#039;interactivit\u00e9 et vous aide \u00e0 engager votre audience gr\u00e2ce au dialogue en direct.\" \/>\n<meta name=\"robots\" content=\"index, follow, max-snippet:-1, max-image-preview:large, max-video-preview:-1\" \/>\n<link rel=\"canonical\" href=\"https:\/\/www.canalchat.com\/fr\/webchat\/\" \/>\n<meta property=\"og:locale\" content=\"fr_FR\" \/>\n<meta property=\"og:type\" content=\"article\" \/>\n<meta property=\"og:title\" content=\"Canalchat Grandialogue, cr\u00e9ateur d&#039;interactivit\u00e9\" \/>\n<meta property=\"og:description\" content=\"Canalchat Grandialogue cr\u00e9e et produit des \u00e9v\u00e8nements vid\u00e9o en direct, avec de l\u2019interactivit\u00e9.\u200b Nous r\u00e9alisons et diffusons des formats d\u2019\u00e9mission live pour interagir avec vos audiences.\" \/>\n<meta property=\"og:url\" content=\"https:\/\/www.canalchat.com\/fr\/webchat\/\" \/>\n<meta property=\"og:site_name\" content=\"Canalchat Grandialogue\" \/>\n<meta property=\"article:publisher\" content=\"https:\/\/www.facebook.com\/CanalchatGrandialogue\" \/>\n<meta property=\"article:modified_time\" content=\"2025-05-07T13:21:10+00:00\" \/>\n<meta property=\"og:image\" content=\"https:\/\/www.canalchat.com\/fr\/wp-content\/uploads\/2022\/08\/studio_canalchat_2022-17-scaled.jpg\" \/>\n\t<meta property=\"og:image:width\" content=\"2560\" \/>\n\t<meta property=\"og:image:height\" content=\"1440\" \/>\n\t<meta property=\"og:image:type\" content=\"image\/jpeg\" \/>\n<meta name=\"twitter:card\" content=\"summary_large_image\" \/>\n<meta name=\"twitter:site\" content=\"@Canalchat\" \/>\n<meta name=\"twitter:label1\" content=\"Dur\u00e9e de lecture estim\u00e9e\" \/>\n\t<meta name=\"twitter:data1\" content=\"1 minute\" \/>\n<script type=\"application\/ld+json\" class=\"yoast-schema-graph\">{\"@context\":\"https:\\\/\\\/schema.org\",\"@graph\":[{\"@type\":\"Article\",\"@id\":\"https:\\\/\\\/www.canalchat.com\\\/fr\\\/webchat\\\/#article\",\"isPartOf\":{\"@id\":\"https:\\\/\\\/www.canalchat.com\\\/fr\\\/webchat\\\/\"},\"author\":{\"name\":\"Canalchat\",\"@id\":\"https:\\\/\\\/www.canalchat.com\\\/fr\\\/#\\\/schema\\\/person\\\/a272e19fc2d521e13f88fa4b2d139506\"},\"headline\":\"Webchat\",\"datePublished\":\"2017-03-31T11:38:00+00:00\",\"dateModified\":\"2025-05-07T13:21:10+00:00\",\"mainEntityOfPage\":{\"@id\":\"https:\\\/\\\/www.canalchat.com\\\/fr\\\/webchat\\\/\"},\"wordCount\":152,\"publisher\":{\"@id\":\"https:\\\/\\\/www.canalchat.com\\\/fr\\\/#organization\"},\"keywords\":[\"Dialogue en direct\",\"Interactif\",\"Webchat\"],\"inLanguage\":\"fr-FR\"},{\"@type\":\"WebPage\",\"@id\":\"https:\\\/\\\/www.canalchat.com\\\/fr\\\/webchat\\\/\",\"url\":\"https:\\\/\\\/www.canalchat.com\\\/fr\\\/webchat\\\/\",\"name\":\"Webchat - Canalchat Grandialogue\",\"isPartOf\":{\"@id\":\"https:\\\/\\\/www.canalchat.com\\\/fr\\\/#website\"},\"datePublished\":\"2017-03-31T11:38:00+00:00\",\"dateModified\":\"2025-05-07T13:21:10+00:00\",\"description\":\"Canalchat Grandialogue fait le pari de l'interactivit\u00e9 et vous aide \u00e0 engager votre audience gr\u00e2ce au dialogue en direct.\",\"breadcrumb\":{\"@id\":\"https:\\\/\\\/www.canalchat.com\\\/fr\\\/webchat\\\/#breadcrumb\"},\"inLanguage\":\"fr-FR\",\"potentialAction\":[{\"@type\":\"ReadAction\",\"target\":[\"https:\\\/\\\/www.canalchat.com\\\/fr\\\/webchat\\\/\"]}]},{\"@type\":\"BreadcrumbList\",\"@id\":\"https:\\\/\\\/www.canalchat.com\\\/fr\\\/webchat\\\/#breadcrumb\",\"itemListElement\":[{\"@type\":\"ListItem\",\"position\":1,\"name\":\"Accueil\",\"item\":\"https:\\\/\\\/www.canalchat.com\\\/fr\\\/\"},{\"@type\":\"ListItem\",\"position\":2,\"name\":\"Webchat\"}]},{\"@type\":\"WebSite\",\"@id\":\"https:\\\/\\\/www.canalchat.com\\\/fr\\\/#website\",\"url\":\"https:\\\/\\\/www.canalchat.com\\\/fr\\\/\",\"name\":\"Canalchat Grandialogue\",\"description\":\"Cr\u00e9ateur d&#039;interactivit\u00e9 en direct\",\"publisher\":{\"@id\":\"https:\\\/\\\/www.canalchat.com\\\/fr\\\/#organization\"},\"alternateName\":\"Canalchat\",\"potentialAction\":[{\"@type\":\"SearchAction\",\"target\":{\"@type\":\"EntryPoint\",\"urlTemplate\":\"https:\\\/\\\/www.canalchat.com\\\/fr\\\/?s={search_term_string}\"},\"query-input\":{\"@type\":\"PropertyValueSpecification\",\"valueRequired\":true,\"valueName\":\"search_term_string\"}}],\"inLanguage\":\"fr-FR\"},{\"@type\":\"Organization\",\"@id\":\"https:\\\/\\\/www.canalchat.com\\\/fr\\\/#organization\",\"name\":\"Canalchat Grandialogue\",\"alternateName\":\"Canalchat\",\"url\":\"https:\\\/\\\/www.canalchat.com\\\/fr\\\/\",\"logo\":{\"@type\":\"ImageObject\",\"inLanguage\":\"fr-FR\",\"@id\":\"https:\\\/\\\/www.canalchat.com\\\/fr\\\/#\\\/schema\\\/logo\\\/image\\\/\",\"url\":\"https:\\\/\\\/www.canalchat.com\\\/fr\\\/wp-content\\\/uploads\\\/2023\\\/07\\\/Guillemets-1.jpeg\",\"contentUrl\":\"https:\\\/\\\/www.canalchat.com\\\/fr\\\/wp-content\\\/uploads\\\/2023\\\/07\\\/Guillemets-1.jpeg\",\"width\":200,\"height\":200,\"caption\":\"Canalchat Grandialogue\"},\"image\":{\"@id\":\"https:\\\/\\\/www.canalchat.com\\\/fr\\\/#\\\/schema\\\/logo\\\/image\\\/\"},\"sameAs\":[\"https:\\\/\\\/www.facebook.com\\\/CanalchatGrandialogue\",\"https:\\\/\\\/x.com\\\/Canalchat\",\"https:\\\/\\\/www.linkedin.com\\\/company\\\/canalchat_grandialogue\",\"https:\\\/\\\/www.instagram.com\\\/canalchat\",\"https:\\\/\\\/www.tiktok.com\\\/@canalchatgrandialogue\",\"https:\\\/\\\/www.youtube.com\\\/Canalchat\",\"https:\\\/\\\/fr.pinterest.com\\\/canalchat\\\/\"],\"description\":\"Canalchat Grandialogue cr\u00e9e et produit des \u00e9v\u00e8nements vid\u00e9o en direct, avec de l\u2019interactivit\u00e9.\u200b Nous r\u00e9alisons et diffusons des formats d\u2019\u00e9mission live pour interagir avec vos audiences.\u200b\",\"email\":\"redaction@canalchat.fr\",\"telephone\":\"01 55 28 83 11\",\"legalName\":\"Canalchat Grandialogue\",\"foundingDate\":\"1999-10-01\",\"vatID\":\"FR 17477742688\",\"taxID\":\"477 742 688 00047\",\"numberOfEmployees\":{\"@type\":\"QuantitativeValue\",\"minValue\":\"11\",\"maxValue\":\"50\"},\"publishingPrinciples\":\"https:\\\/\\\/www.canalchat.com\\\/fr\\\/evenementiel\\\/\"},{\"@type\":\"Person\",\"@id\":\"https:\\\/\\\/www.canalchat.com\\\/fr\\\/#\\\/schema\\\/person\\\/a272e19fc2d521e13f88fa4b2d139506\",\"name\":\"Canalchat\",\"sameAs\":[\"https:\\\/\\\/www.canalchat.com\\\/fr\",\"https:\\\/\\\/www.linkedin.com\\\/company\\\/canalchat_grandialogue\\\/\"]}]}<\/script>\n<!-- \/ Yoast SEO Premium plugin. -->","yoast_head_json":{"title":"Webchat - Canalchat Grandialogue","description":"Canalchat Grandialogue fait le pari de l'interactivit\u00e9 et vous aide \u00e0 engager votre audience gr\u00e2ce au dialogue en direct.","robots":{"index":"index","follow":"follow","max-snippet":"max-snippet:-1","max-image-preview":"max-image-preview:large","max-video-preview":"max-video-preview:-1"},"canonical":"https:\/\/www.canalchat.com\/fr\/webchat\/","og_locale":"fr_FR","og_type":"article","og_title":"Canalchat Grandialogue, cr\u00e9ateur d'interactivit\u00e9","og_description":"Canalchat Grandialogue cr\u00e9e et produit des \u00e9v\u00e8nements vid\u00e9o en direct, avec de l\u2019interactivit\u00e9.\u200b Nous r\u00e9alisons et diffusons des formats d\u2019\u00e9mission live pour interagir avec vos audiences.","og_url":"https:\/\/www.canalchat.com\/fr\/webchat\/","og_site_name":"Canalchat Grandialogue","article_publisher":"https:\/\/www.facebook.com\/CanalchatGrandialogue","article_modified_time":"2025-05-07T13:21:10+00:00","og_image":[{"width":2560,"height":1440,"url":"https:\/\/www.canalchat.com\/fr\/wp-content\/uploads\/2022\/08\/studio_canalchat_2022-17-scaled.jpg","type":"image\/jpeg"}],"twitter_card":"summary_large_image","twitter_site":"@Canalchat","twitter_misc":{"Dur\u00e9e de lecture estim\u00e9e":"1 minute"},"schema":{"@context":"https:\/\/schema.org","@graph":[{"@type":"Article","@id":"https:\/\/www.canalchat.com\/fr\/webchat\/#article","isPartOf":{"@id":"https:\/\/www.canalchat.com\/fr\/webchat\/"},"author":{"name":"Canalchat","@id":"https:\/\/www.canalchat.com\/fr\/#\/schema\/person\/a272e19fc2d521e13f88fa4b2d139506"},"headline":"Webchat","datePublished":"2017-03-31T11:38:00+00:00","dateModified":"2025-05-07T13:21:10+00:00","mainEntityOfPage":{"@id":"https:\/\/www.canalchat.com\/fr\/webchat\/"},"wordCount":152,"publisher":{"@id":"https:\/\/www.canalchat.com\/fr\/#organization"},"keywords":["Dialogue en direct","Interactif","Webchat"],"inLanguage":"fr-FR"},{"@type":"WebPage","@id":"https:\/\/www.canalchat.com\/fr\/webchat\/","url":"https:\/\/www.canalchat.com\/fr\/webchat\/","name":"Webchat - Canalchat Grandialogue","isPartOf":{"@id":"https:\/\/www.canalchat.com\/fr\/#website"},"datePublished":"2017-03-31T11:38:00+00:00","dateModified":"2025-05-07T13:21:10+00:00","description":"Canalchat Grandialogue fait le pari de l'interactivit\u00e9 et vous aide \u00e0 engager votre audience gr\u00e2ce au dialogue en direct.","breadcrumb":{"@id":"https:\/\/www.canalchat.com\/fr\/webchat\/#breadcrumb"},"inLanguage":"fr-FR","potentialAction":[{"@type":"ReadAction","target":["https:\/\/www.canalchat.com\/fr\/webchat\/"]}]},{"@type":"BreadcrumbList","@id":"https:\/\/www.canalchat.com\/fr\/webchat\/#breadcrumb","itemListElement":[{"@type":"ListItem","position":1,"name":"Accueil","item":"https:\/\/www.canalchat.com\/fr\/"},{"@type":"ListItem","position":2,"name":"Webchat"}]},{"@type":"WebSite","@id":"https:\/\/www.canalchat.com\/fr\/#website","url":"https:\/\/www.canalchat.com\/fr\/","name":"Canalchat Grandialogue","description":"Cr\u00e9ateur d&#039;interactivit\u00e9 en direct","publisher":{"@id":"https:\/\/www.canalchat.com\/fr\/#organization"},"alternateName":"Canalchat","potentialAction":[{"@type":"SearchAction","target":{"@type":"EntryPoint","urlTemplate":"https:\/\/www.canalchat.com\/fr\/?s={search_term_string}"},"query-input":{"@type":"PropertyValueSpecification","valueRequired":true,"valueName":"search_term_string"}}],"inLanguage":"fr-FR"},{"@type":"Organization","@id":"https:\/\/www.canalchat.com\/fr\/#organization","name":"Canalchat Grandialogue","alternateName":"Canalchat","url":"https:\/\/www.canalchat.com\/fr\/","logo":{"@type":"ImageObject","inLanguage":"fr-FR","@id":"https:\/\/www.canalchat.com\/fr\/#\/schema\/logo\/image\/","url":"https:\/\/www.canalchat.com\/fr\/wp-content\/uploads\/2023\/07\/Guillemets-1.jpeg","contentUrl":"https:\/\/www.canalchat.com\/fr\/wp-content\/uploads\/2023\/07\/Guillemets-1.jpeg","width":200,"height":200,"caption":"Canalchat Grandialogue"},"image":{"@id":"https:\/\/www.canalchat.com\/fr\/#\/schema\/logo\/image\/"},"sameAs":["https:\/\/www.facebook.com\/CanalchatGrandialogue","https:\/\/x.com\/Canalchat","https:\/\/www.linkedin.com\/company\/canalchat_grandialogue","https:\/\/www.instagram.com\/canalchat","https:\/\/www.tiktok.com\/@canalchatgrandialogue","https:\/\/www.youtube.com\/Canalchat","https:\/\/fr.pinterest.com\/canalchat\/"],"description":"Canalchat Grandialogue cr\u00e9e et produit des \u00e9v\u00e8nements vid\u00e9o en direct, avec de l\u2019interactivit\u00e9.\u200b Nous r\u00e9alisons et diffusons des formats d\u2019\u00e9mission live pour interagir avec vos audiences.\u200b","email":"redaction@canalchat.fr","telephone":"01 55 28 83 11","legalName":"Canalchat Grandialogue","foundingDate":"1999-10-01","vatID":"FR 17477742688","taxID":"477 742 688 00047","numberOfEmployees":{"@type":"QuantitativeValue","minValue":"11","maxValue":"50"},"publishingPrinciples":"https:\/\/www.canalchat.com\/fr\/evenementiel\/"},{"@type":"Person","@id":"https:\/\/www.canalchat.com\/fr\/#\/schema\/person\/a272e19fc2d521e13f88fa4b2d139506","name":"Canalchat","sameAs":["https:\/\/www.canalchat.com\/fr","https:\/\/www.linkedin.com\/company\/canalchat_grandialogue\/"]}]}},"_links":{"self":[{"href":"https:\/\/www.canalchat.com\/fr\/wp-json\/wp\/v2\/pages\/363","targetHints":{"allow":["GET"]}}],"collection":[{"href":"https:\/\/www.canalchat.com\/fr\/wp-json\/wp\/v2\/pages"}],"about":[{"href":"https:\/\/www.canalchat.com\/fr\/wp-json\/wp\/v2\/types\/page"}],"author":[{"embeddable":true,"href":"https:\/\/www.canalchat.com\/fr\/wp-json\/wp\/v2\/users\/1"}],"replies":[{"embeddable":true,"href":"https:\/\/www.canalchat.com\/fr\/wp-json\/wp\/v2\/comments?post=363"}],"version-history":[{"count":2,"href":"https:\/\/www.canalchat.com\/fr\/wp-json\/wp\/v2\/pages\/363\/revisions"}],"predecessor-version":[{"id":9734,"href":"https:\/\/www.canalchat.com\/fr\/wp-json\/wp\/v2\/pages\/363\/revisions\/9734"}],"wp:attachment":[{"href":"https:\/\/www.canalchat.com\/fr\/wp-json\/wp\/v2\/media?parent=363"}],"wp:term":[{"taxonomy":"category","embeddable":true,"href":"https:\/\/www.canalchat.com\/fr\/wp-json\/wp\/v2\/categories?post=363"},{"taxonomy":"post_tag","embeddable":true,"href":"https:\/\/www.canalchat.com\/fr\/wp-json\/wp\/v2\/tags?post=363"}],"curies":[{"name":"wp","href":"https:\/\/api.w.org\/{rel}","templated":true}]}}