{"id":3488,"date":"2022-02-03T16:33:00","date_gmt":"2022-02-03T15:33:00","guid":{"rendered":"https:\/\/www.canalchat.com\/fr\/?page_id=3488"},"modified":"2025-07-03T15:30:13","modified_gmt":"2025-07-03T13:30:13","slug":"studio-tournage-paris","status":"publish","type":"page","link":"https:\/\/www.canalchat.com\/fr\/studio-tournage-paris\/","title":{"rendered":"Notre studio de tournage \u00e0 Paris"},"content":{"rendered":"\r\n<h2 class=\"wp-block-heading\" style=\"text-align: left\"><strong>Le studio de tournage de Canalchat Grandialogue \u00e0 Paris : un espace taill\u00e9 sur-mesure pour le streaming et l&rsquo;interactivit\u00e9. <\/strong><\/h2>\r\n<p>&nbsp;<\/p>\r\n\r\n<div style=\"width: 750px;\" class=\"wp-video\"><video class=\"wp-video-shortcode\" id=\"video-3488-1\" width=\"750\" height=\"422\" poster=\"https:\/\/www.canalchat.com\/fr\/wp-content\/uploads\/2022\/01\/Studio-Canalchat-vue-face-.jpeg\" autoplay preload=\"metadata\" controls=\"controls\"><source type=\"video\/mp4\" src=\"https:\/\/www.canalchat.com\/fr\/wp-content\/uploads\/2023\/05\/Espace-89-CCGD-2022_VD.mp4?_=1\" \/><a href=\"https:\/\/www.canalchat.com\/fr\/wp-content\/uploads\/2023\/05\/Espace-89-CCGD-2022_VD.mp4\">https:\/\/www.canalchat.com\/fr\/wp-content\/uploads\/2023\/05\/Espace-89-CCGD-2022_VD.mp4<\/a><\/video><\/div>\r\n\r\n<p>&nbsp;<\/p>\r\n<h3 class=\"wp-block-heading\">Un studio de tournage, situ\u00e9 au coeur de Paris, digne des plus grands studios TV.<\/h3>\r\n<p>Le Studio de tournage Canalchat Grandialogue est situ\u00e9 dans le quartier de Bastille, au coeur de Paris. Il s&rsquo;agit d&rsquo;un espace enti\u00e8rement \u00e9quip\u00e9 et modulable d\u2019une superficie totale de 140 m\u00e8tres carr\u00e9s. Pens\u00e9 pour les \u00e9v\u00e8nements en streaming live, il se compose d&rsquo;<a href=\"https:\/\/www.youtube.com\/watch?v=ikWQq1wC7Rw\" target=\"_blank\" rel=\"noopener\">un studio TV totalement personnalisable, d&rsquo;une r\u00e9gie digne des r\u00e9gies des cha\u00eenes d&rsquo;info, d&rsquo;une salle de r\u00e9union et d&rsquo;un espace de r\u00e9ception.<\/a> Moderne et cosy, cet ensemble a \u00e9t\u00e9 pens\u00e9 pour vous offrir une exp\u00e9rience agr\u00e9able et conviviale avant, pendant et apr\u00e8s le tournage en direct de votre \u00e9mission TV ou de vos vid\u00e9os.<\/p>\r\n<p>Pour rendre vos lives plus inclusifs, cet espace de tournage est compl\u00e9t\u00e9 par <a href=\"https:\/\/www.canalchat.com\/fr\/le-labo-le-secret-de-vos-evenements-a-distance\/\">un \u00ab\u00a0labo\u00a0\u00bb depuis lequel nos pouvons op\u00e9rer la traduction et le sous-titrage<\/a>.<\/p>\r\n<p>De plus, notre \u00e9quipe de production et un chef de projet (permanents de Canalchat Grandialogue) vous accompagnent afin de vous faire b\u00e9n\u00e9ficier d\u2019un savoir-faire unique autour de plusieurs p\u00f4les d\u2019expertise technique, \u00e9ditoriale, audiovisuelle et cr\u00e9ative. Et ceci, \u00e0 chaque \u00e9tape de la r\u00e9alisation de votre projet d\u2019\u00e9mission live : webconf\u00e9rence, webinaire, webcast, townhall, e-conf\u00e9rence de presse, podcast film\u00e9, etc.<\/p>\r\n<p>\r\n\r\n<\/p>\r\n<p>\r\n\r\n\r\n\r\n<\/p>\r\n<h3 class=\"wp-block-heading\"><strong>Le plateau de tournage Canalchat Grandialogue :<\/strong><\/h3>\r\n<ul>\r\n<li><strong><\/strong><a href=\"https:\/\/www.canalchat.com\/fr\/notre-studio-tv-a-paris-bastille-sadapte-a-vos-envies\/\" target=\"_blank\" rel=\"noopener\">Plateau TV modulable<\/a> et climatis\u00e9 de 60 m2 \u00e9quip\u00e9 de mat\u00e9riel HD<\/li>\r\n<li>R\u00e9gie son, vid\u00e9o et lumi\u00e8re ind\u00e9pendante<\/li>\r\n<li>Lieu de r\u00e9ception avec retour vid\u00e9o du tournage en cours<\/li>\r\n<li>Espace d\u00e9di\u00e9 au sous-titrage en direct et aux cabines de traduction<\/li>\r\n<li>Salle de r\u00e9union<\/li>\r\n<li>Acc\u00e8s wifi haut-d\u00e9bit<\/li>\r\n<li>Place de parking sur demande<\/li>\r\n<\/ul>\r\n<p>\r\n\r\n<\/p>\r\n<h3 class=\"wp-block-heading\"><strong>Nos prestations compl\u00e9mentaires :<\/strong><\/h3>\r\n<ul>\r\n<li><strong><\/strong>Streaming live, enregistrement vid\u00e9o et replay<\/li>\r\n<li>Interactivit\u00e9 (Q&amp;A, sondage, quiz, vote, nuage de mots\u2026)<\/li>\r\n<li>Int\u00e9gration et diffusion de vos contenus vid\u00e9o sur les r\u00e9seaux sociaux<\/li>\r\n<li><a href=\"https:\/\/www.youtube.com\/watch?v=3KBpfT_qFT0\">Traduction simultan\u00e9e et sous-titrage en direct en plusieurs langues<\/a><\/li>\r\n<li>Int\u00e9gration en direct des sous-titrages<\/li>\r\n<li>Gestion des duplex et multiplex<br><br><\/li>\r\n<\/ul>\r\n<div class=\"wp-block-group\">\r\n<div class=\"wp-block-group__inner-container\">\r\n<h3><span style=\"color: #da1382\"><\/span><br><span style=\"color: #da1382\"><\/span><br><span style=\"color: #da1382\"><\/span><br><span style=\"color: #da1382\"><\/span><br><span style=\"color: #da1382\"><\/span><\/h3>\r\n<h3><strong>O\u00f9 trouver notre studio de tournage ?<\/strong><\/h3>\r\n<p>Cour de la Maison Br\u00fbl\u00e9e, 89 rue du Faubourg Saint-Antoine 75011 Paris<br>M\u00e9tro Bastille \/ M\u00e9tro Ledru-Rollin<br><br><\/p>\r\n<\/div>\r\n<h3><strong>Notre studio TV est disponible \u00e0 la location.<\/strong><\/h3>\r\n<p><a href=\"https:\/\/www.canalchat.com\/fr\/#contact\">Parlez-nous de votre projet.<\/a><\/p>\r\n<p>&nbsp;<\/p>\r\n<\/div>\r\n<div class=\"wp-block-group\">\r\n<div class=\"wp-block-group__inner-container\">\r\nngg_shortcode_0_placeholder\r\n<p>&nbsp;<\/p>\r\n<\/div>\r\n<\/div>\r\n","protected":false},"excerpt":{"rendered":"<p>Le studio de tournage de Canalchat Grandialogue \u00e0 Paris : un espace taill\u00e9 sur-mesure pour le streaming et l&rsquo;interactivit\u00e9. &nbsp; &nbsp; Un studio de tournage, situ\u00e9 au coeur de Paris, digne des plus grands studios TV. Le Studio de tournage Canalchat Grandialogue est situ\u00e9 dans le quartier de Bastille, au [&hellip;]<\/p>\n","protected":false},"author":1,"featured_media":5388,"parent":0,"menu_order":0,"comment_status":"closed","ping_status":"closed","template":"","meta":{"ngg_post_thumbnail":0,"footnotes":""},"categories":[320],"tags":[],"class_list":["post-3488","page","type-page","status-publish","has-post-thumbnail","hentry","category-studio-canalchat-fr"],"yoast_head":"<!-- This site is optimized with the Yoast SEO Premium plugin v27.5 (Yoast SEO v27.5) - https:\/\/yoast.com\/product\/yoast-seo-premium-wordpress\/ -->\n<title>Notre studio de tournage \u00e0 Paris - Canalchat Grandialogue<\/title>\n<meta name=\"description\" content=\"Louez un studio de tournage en plein coeur de Paris. Studio tout \u00e9quip\u00e9 et modulable de 140 m2, optimis\u00e9 pour la captation et la diffusion en direct de vos \u00e9missions, webinaires et \u00e9v\u00e9nements...\" \/>\n<meta name=\"robots\" content=\"index, follow, max-snippet:-1, max-image-preview:large, max-video-preview:-1\" \/>\n<link rel=\"canonical\" href=\"https:\/\/www.canalchat.com\/fr\/studio-tournage-paris\/\" \/>\n<meta property=\"og:locale\" content=\"fr_FR\" \/>\n<meta property=\"og:type\" content=\"article\" \/>\n<meta property=\"og:title\" content=\"Canalchat Grandialogue, cr\u00e9ateur d&#039;interactivit\u00e9\" \/>\n<meta property=\"og:description\" content=\"Canalchat Grandialogue cr\u00e9e et produit des \u00e9v\u00e8nements vid\u00e9o en direct, avec de l\u2019interactivit\u00e9.\u200b Nous r\u00e9alisons et diffusons des formats d\u2019\u00e9mission live pour interagir avec vos audiences.\" \/>\n<meta property=\"og:url\" content=\"https:\/\/www.canalchat.com\/fr\/studio-tournage-paris\/\" \/>\n<meta property=\"og:site_name\" content=\"Canalchat Grandialogue\" \/>\n<meta property=\"article:publisher\" content=\"https:\/\/www.facebook.com\/CanalchatGrandialogue\" \/>\n<meta property=\"article:modified_time\" content=\"2025-07-03T13:30:13+00:00\" \/>\n<meta property=\"og:image\" content=\"https:\/\/www.canalchat.com\/fr\/wp-content\/uploads\/2022\/08\/studio_canalchat_2022-19-scaled.jpg\" \/>\n\t<meta property=\"og:image:width\" content=\"2560\" \/>\n\t<meta property=\"og:image:height\" content=\"1441\" \/>\n\t<meta property=\"og:image:type\" content=\"image\/jpeg\" \/>\n<meta name=\"twitter:card\" content=\"summary_large_image\" \/>\n<meta name=\"twitter:site\" content=\"@Canalchat\" \/>\n<meta name=\"twitter:label1\" content=\"Dur\u00e9e de lecture estim\u00e9e\" \/>\n\t<meta name=\"twitter:data1\" content=\"3 minutes\" \/>\n<script type=\"application\/ld+json\" class=\"yoast-schema-graph\">{\"@context\":\"https:\\\/\\\/schema.org\",\"@graph\":[{\"@type\":\"Article\",\"@id\":\"https:\\\/\\\/www.canalchat.com\\\/fr\\\/studio-tournage-paris\\\/#article\",\"isPartOf\":{\"@id\":\"https:\\\/\\\/www.canalchat.com\\\/fr\\\/studio-tournage-paris\\\/\"},\"author\":{\"name\":\"Canalchat\",\"@id\":\"https:\\\/\\\/www.canalchat.com\\\/fr\\\/#\\\/schema\\\/person\\\/a272e19fc2d521e13f88fa4b2d139506\"},\"headline\":\"Notre studio de tournage \u00e0 Paris\",\"datePublished\":\"2022-02-03T15:33:00+00:00\",\"dateModified\":\"2025-07-03T13:30:13+00:00\",\"mainEntityOfPage\":{\"@id\":\"https:\\\/\\\/www.canalchat.com\\\/fr\\\/studio-tournage-paris\\\/\"},\"wordCount\":449,\"publisher\":{\"@id\":\"https:\\\/\\\/www.canalchat.com\\\/fr\\\/#organization\"},\"image\":{\"@id\":\"https:\\\/\\\/www.canalchat.com\\\/fr\\\/studio-tournage-paris\\\/#primaryimage\"},\"thumbnailUrl\":\"https:\\\/\\\/www.canalchat.com\\\/fr\\\/wp-content\\\/uploads\\\/2022\\\/08\\\/studio_canalchat_2022-19-scaled.jpg\",\"articleSection\":[\"Studio Canalchat\"],\"inLanguage\":\"fr-FR\"},{\"@type\":\"WebPage\",\"@id\":\"https:\\\/\\\/www.canalchat.com\\\/fr\\\/studio-tournage-paris\\\/\",\"url\":\"https:\\\/\\\/www.canalchat.com\\\/fr\\\/studio-tournage-paris\\\/\",\"name\":\"Notre studio de tournage \u00e0 Paris - Canalchat Grandialogue\",\"isPartOf\":{\"@id\":\"https:\\\/\\\/www.canalchat.com\\\/fr\\\/#website\"},\"primaryImageOfPage\":{\"@id\":\"https:\\\/\\\/www.canalchat.com\\\/fr\\\/studio-tournage-paris\\\/#primaryimage\"},\"image\":{\"@id\":\"https:\\\/\\\/www.canalchat.com\\\/fr\\\/studio-tournage-paris\\\/#primaryimage\"},\"thumbnailUrl\":\"https:\\\/\\\/www.canalchat.com\\\/fr\\\/wp-content\\\/uploads\\\/2022\\\/08\\\/studio_canalchat_2022-19-scaled.jpg\",\"datePublished\":\"2022-02-03T15:33:00+00:00\",\"dateModified\":\"2025-07-03T13:30:13+00:00\",\"description\":\"Louez un studio de tournage en plein coeur de Paris. Studio tout \u00e9quip\u00e9 et modulable de 140 m2, optimis\u00e9 pour la captation et la diffusion en direct de vos \u00e9missions, webinaires et \u00e9v\u00e9nements...\",\"breadcrumb\":{\"@id\":\"https:\\\/\\\/www.canalchat.com\\\/fr\\\/studio-tournage-paris\\\/#breadcrumb\"},\"inLanguage\":\"fr-FR\",\"potentialAction\":[{\"@type\":\"ReadAction\",\"target\":[\"https:\\\/\\\/www.canalchat.com\\\/fr\\\/studio-tournage-paris\\\/\"]}]},{\"@type\":\"ImageObject\",\"inLanguage\":\"fr-FR\",\"@id\":\"https:\\\/\\\/www.canalchat.com\\\/fr\\\/studio-tournage-paris\\\/#primaryimage\",\"url\":\"https:\\\/\\\/www.canalchat.com\\\/fr\\\/wp-content\\\/uploads\\\/2022\\\/08\\\/studio_canalchat_2022-19-scaled.jpg\",\"contentUrl\":\"https:\\\/\\\/www.canalchat.com\\\/fr\\\/wp-content\\\/uploads\\\/2022\\\/08\\\/studio_canalchat_2022-19-scaled.jpg\",\"width\":2560,\"height\":1441,\"caption\":\"Le studio TV de Canalchat Gradialogue\"},{\"@type\":\"BreadcrumbList\",\"@id\":\"https:\\\/\\\/www.canalchat.com\\\/fr\\\/studio-tournage-paris\\\/#breadcrumb\",\"itemListElement\":[{\"@type\":\"ListItem\",\"position\":1,\"name\":\"Accueil\",\"item\":\"https:\\\/\\\/www.canalchat.com\\\/fr\\\/\"},{\"@type\":\"ListItem\",\"position\":2,\"name\":\"Notre studio de tournage \u00e0 Paris\"}]},{\"@type\":\"WebSite\",\"@id\":\"https:\\\/\\\/www.canalchat.com\\\/fr\\\/#website\",\"url\":\"https:\\\/\\\/www.canalchat.com\\\/fr\\\/\",\"name\":\"Canalchat Grandialogue\",\"description\":\"Cr\u00e9ateur d&#039;interactivit\u00e9 en direct\",\"publisher\":{\"@id\":\"https:\\\/\\\/www.canalchat.com\\\/fr\\\/#organization\"},\"alternateName\":\"Canalchat\",\"potentialAction\":[{\"@type\":\"SearchAction\",\"target\":{\"@type\":\"EntryPoint\",\"urlTemplate\":\"https:\\\/\\\/www.canalchat.com\\\/fr\\\/?s={search_term_string}\"},\"query-input\":{\"@type\":\"PropertyValueSpecification\",\"valueRequired\":true,\"valueName\":\"search_term_string\"}}],\"inLanguage\":\"fr-FR\"},{\"@type\":\"Organization\",\"@id\":\"https:\\\/\\\/www.canalchat.com\\\/fr\\\/#organization\",\"name\":\"Canalchat Grandialogue\",\"alternateName\":\"Canalchat\",\"url\":\"https:\\\/\\\/www.canalchat.com\\\/fr\\\/\",\"logo\":{\"@type\":\"ImageObject\",\"inLanguage\":\"fr-FR\",\"@id\":\"https:\\\/\\\/www.canalchat.com\\\/fr\\\/#\\\/schema\\\/logo\\\/image\\\/\",\"url\":\"https:\\\/\\\/www.canalchat.com\\\/fr\\\/wp-content\\\/uploads\\\/2023\\\/07\\\/Guillemets-1.jpeg\",\"contentUrl\":\"https:\\\/\\\/www.canalchat.com\\\/fr\\\/wp-content\\\/uploads\\\/2023\\\/07\\\/Guillemets-1.jpeg\",\"width\":200,\"height\":200,\"caption\":\"Canalchat Grandialogue\"},\"image\":{\"@id\":\"https:\\\/\\\/www.canalchat.com\\\/fr\\\/#\\\/schema\\\/logo\\\/image\\\/\"},\"sameAs\":[\"https:\\\/\\\/www.facebook.com\\\/CanalchatGrandialogue\",\"https:\\\/\\\/x.com\\\/Canalchat\",\"https:\\\/\\\/www.linkedin.com\\\/company\\\/canalchat_grandialogue\",\"https:\\\/\\\/www.instagram.com\\\/canalchat\",\"https:\\\/\\\/www.tiktok.com\\\/@canalchatgrandialogue\",\"https:\\\/\\\/www.youtube.com\\\/Canalchat\",\"https:\\\/\\\/fr.pinterest.com\\\/canalchat\\\/\"],\"description\":\"Canalchat Grandialogue cr\u00e9e et produit des \u00e9v\u00e8nements vid\u00e9o en direct, avec de l\u2019interactivit\u00e9.\u200b Nous r\u00e9alisons et diffusons des formats d\u2019\u00e9mission live pour interagir avec vos audiences.\u200b\",\"email\":\"redaction@canalchat.fr\",\"telephone\":\"01 55 28 83 11\",\"legalName\":\"Canalchat Grandialogue\",\"foundingDate\":\"1999-10-01\",\"vatID\":\"FR 17477742688\",\"taxID\":\"477 742 688 00047\",\"numberOfEmployees\":{\"@type\":\"QuantitativeValue\",\"minValue\":\"11\",\"maxValue\":\"50\"},\"publishingPrinciples\":\"https:\\\/\\\/www.canalchat.com\\\/fr\\\/evenementiel\\\/\"},{\"@type\":\"Person\",\"@id\":\"https:\\\/\\\/www.canalchat.com\\\/fr\\\/#\\\/schema\\\/person\\\/a272e19fc2d521e13f88fa4b2d139506\",\"name\":\"Canalchat\",\"sameAs\":[\"https:\\\/\\\/www.canalchat.com\\\/fr\",\"https:\\\/\\\/www.linkedin.com\\\/company\\\/canalchat_grandialogue\\\/\"]}]}<\/script>\n<!-- \/ Yoast SEO Premium plugin. -->","yoast_head_json":{"title":"Notre studio de tournage \u00e0 Paris - Canalchat Grandialogue","description":"Louez un studio de tournage en plein coeur de Paris. Studio tout \u00e9quip\u00e9 et modulable de 140 m2, optimis\u00e9 pour la captation et la diffusion en direct de vos \u00e9missions, webinaires et \u00e9v\u00e9nements...","robots":{"index":"index","follow":"follow","max-snippet":"max-snippet:-1","max-image-preview":"max-image-preview:large","max-video-preview":"max-video-preview:-1"},"canonical":"https:\/\/www.canalchat.com\/fr\/studio-tournage-paris\/","og_locale":"fr_FR","og_type":"article","og_title":"Canalchat Grandialogue, cr\u00e9ateur d'interactivit\u00e9","og_description":"Canalchat Grandialogue cr\u00e9e et produit des \u00e9v\u00e8nements vid\u00e9o en direct, avec de l\u2019interactivit\u00e9.\u200b Nous r\u00e9alisons et diffusons des formats d\u2019\u00e9mission live pour interagir avec vos audiences.","og_url":"https:\/\/www.canalchat.com\/fr\/studio-tournage-paris\/","og_site_name":"Canalchat Grandialogue","article_publisher":"https:\/\/www.facebook.com\/CanalchatGrandialogue","article_modified_time":"2025-07-03T13:30:13+00:00","og_image":[{"width":2560,"height":1441,"url":"https:\/\/www.canalchat.com\/fr\/wp-content\/uploads\/2022\/08\/studio_canalchat_2022-19-scaled.jpg","type":"image\/jpeg"}],"twitter_card":"summary_large_image","twitter_site":"@Canalchat","twitter_misc":{"Dur\u00e9e de lecture estim\u00e9e":"3 minutes"},"schema":{"@context":"https:\/\/schema.org","@graph":[{"@type":"Article","@id":"https:\/\/www.canalchat.com\/fr\/studio-tournage-paris\/#article","isPartOf":{"@id":"https:\/\/www.canalchat.com\/fr\/studio-tournage-paris\/"},"author":{"name":"Canalchat","@id":"https:\/\/www.canalchat.com\/fr\/#\/schema\/person\/a272e19fc2d521e13f88fa4b2d139506"},"headline":"Notre studio de tournage \u00e0 Paris","datePublished":"2022-02-03T15:33:00+00:00","dateModified":"2025-07-03T13:30:13+00:00","mainEntityOfPage":{"@id":"https:\/\/www.canalchat.com\/fr\/studio-tournage-paris\/"},"wordCount":449,"publisher":{"@id":"https:\/\/www.canalchat.com\/fr\/#organization"},"image":{"@id":"https:\/\/www.canalchat.com\/fr\/studio-tournage-paris\/#primaryimage"},"thumbnailUrl":"https:\/\/www.canalchat.com\/fr\/wp-content\/uploads\/2022\/08\/studio_canalchat_2022-19-scaled.jpg","articleSection":["Studio Canalchat"],"inLanguage":"fr-FR"},{"@type":"WebPage","@id":"https:\/\/www.canalchat.com\/fr\/studio-tournage-paris\/","url":"https:\/\/www.canalchat.com\/fr\/studio-tournage-paris\/","name":"Notre studio de tournage \u00e0 Paris - Canalchat Grandialogue","isPartOf":{"@id":"https:\/\/www.canalchat.com\/fr\/#website"},"primaryImageOfPage":{"@id":"https:\/\/www.canalchat.com\/fr\/studio-tournage-paris\/#primaryimage"},"image":{"@id":"https:\/\/www.canalchat.com\/fr\/studio-tournage-paris\/#primaryimage"},"thumbnailUrl":"https:\/\/www.canalchat.com\/fr\/wp-content\/uploads\/2022\/08\/studio_canalchat_2022-19-scaled.jpg","datePublished":"2022-02-03T15:33:00+00:00","dateModified":"2025-07-03T13:30:13+00:00","description":"Louez un studio de tournage en plein coeur de Paris. Studio tout \u00e9quip\u00e9 et modulable de 140 m2, optimis\u00e9 pour la captation et la diffusion en direct de vos \u00e9missions, webinaires et \u00e9v\u00e9nements...","breadcrumb":{"@id":"https:\/\/www.canalchat.com\/fr\/studio-tournage-paris\/#breadcrumb"},"inLanguage":"fr-FR","potentialAction":[{"@type":"ReadAction","target":["https:\/\/www.canalchat.com\/fr\/studio-tournage-paris\/"]}]},{"@type":"ImageObject","inLanguage":"fr-FR","@id":"https:\/\/www.canalchat.com\/fr\/studio-tournage-paris\/#primaryimage","url":"https:\/\/www.canalchat.com\/fr\/wp-content\/uploads\/2022\/08\/studio_canalchat_2022-19-scaled.jpg","contentUrl":"https:\/\/www.canalchat.com\/fr\/wp-content\/uploads\/2022\/08\/studio_canalchat_2022-19-scaled.jpg","width":2560,"height":1441,"caption":"Le studio TV de Canalchat Gradialogue"},{"@type":"BreadcrumbList","@id":"https:\/\/www.canalchat.com\/fr\/studio-tournage-paris\/#breadcrumb","itemListElement":[{"@type":"ListItem","position":1,"name":"Accueil","item":"https:\/\/www.canalchat.com\/fr\/"},{"@type":"ListItem","position":2,"name":"Notre studio de tournage \u00e0 Paris"}]},{"@type":"WebSite","@id":"https:\/\/www.canalchat.com\/fr\/#website","url":"https:\/\/www.canalchat.com\/fr\/","name":"Canalchat Grandialogue","description":"Cr\u00e9ateur d&#039;interactivit\u00e9 en direct","publisher":{"@id":"https:\/\/www.canalchat.com\/fr\/#organization"},"alternateName":"Canalchat","potentialAction":[{"@type":"SearchAction","target":{"@type":"EntryPoint","urlTemplate":"https:\/\/www.canalchat.com\/fr\/?s={search_term_string}"},"query-input":{"@type":"PropertyValueSpecification","valueRequired":true,"valueName":"search_term_string"}}],"inLanguage":"fr-FR"},{"@type":"Organization","@id":"https:\/\/www.canalchat.com\/fr\/#organization","name":"Canalchat Grandialogue","alternateName":"Canalchat","url":"https:\/\/www.canalchat.com\/fr\/","logo":{"@type":"ImageObject","inLanguage":"fr-FR","@id":"https:\/\/www.canalchat.com\/fr\/#\/schema\/logo\/image\/","url":"https:\/\/www.canalchat.com\/fr\/wp-content\/uploads\/2023\/07\/Guillemets-1.jpeg","contentUrl":"https:\/\/www.canalchat.com\/fr\/wp-content\/uploads\/2023\/07\/Guillemets-1.jpeg","width":200,"height":200,"caption":"Canalchat Grandialogue"},"image":{"@id":"https:\/\/www.canalchat.com\/fr\/#\/schema\/logo\/image\/"},"sameAs":["https:\/\/www.facebook.com\/CanalchatGrandialogue","https:\/\/x.com\/Canalchat","https:\/\/www.linkedin.com\/company\/canalchat_grandialogue","https:\/\/www.instagram.com\/canalchat","https:\/\/www.tiktok.com\/@canalchatgrandialogue","https:\/\/www.youtube.com\/Canalchat","https:\/\/fr.pinterest.com\/canalchat\/"],"description":"Canalchat Grandialogue cr\u00e9e et produit des \u00e9v\u00e8nements vid\u00e9o en direct, avec de l\u2019interactivit\u00e9.\u200b Nous r\u00e9alisons et diffusons des formats d\u2019\u00e9mission live pour interagir avec vos audiences.\u200b","email":"redaction@canalchat.fr","telephone":"01 55 28 83 11","legalName":"Canalchat Grandialogue","foundingDate":"1999-10-01","vatID":"FR 17477742688","taxID":"477 742 688 00047","numberOfEmployees":{"@type":"QuantitativeValue","minValue":"11","maxValue":"50"},"publishingPrinciples":"https:\/\/www.canalchat.com\/fr\/evenementiel\/"},{"@type":"Person","@id":"https:\/\/www.canalchat.com\/fr\/#\/schema\/person\/a272e19fc2d521e13f88fa4b2d139506","name":"Canalchat","sameAs":["https:\/\/www.canalchat.com\/fr","https:\/\/www.linkedin.com\/company\/canalchat_grandialogue\/"]}]}},"_links":{"self":[{"href":"https:\/\/www.canalchat.com\/fr\/wp-json\/wp\/v2\/pages\/3488","targetHints":{"allow":["GET"]}}],"collection":[{"href":"https:\/\/www.canalchat.com\/fr\/wp-json\/wp\/v2\/pages"}],"about":[{"href":"https:\/\/www.canalchat.com\/fr\/wp-json\/wp\/v2\/types\/page"}],"author":[{"embeddable":true,"href":"https:\/\/www.canalchat.com\/fr\/wp-json\/wp\/v2\/users\/1"}],"replies":[{"embeddable":true,"href":"https:\/\/www.canalchat.com\/fr\/wp-json\/wp\/v2\/comments?post=3488"}],"version-history":[{"count":28,"href":"https:\/\/www.canalchat.com\/fr\/wp-json\/wp\/v2\/pages\/3488\/revisions"}],"predecessor-version":[{"id":9950,"href":"https:\/\/www.canalchat.com\/fr\/wp-json\/wp\/v2\/pages\/3488\/revisions\/9950"}],"wp:featuredmedia":[{"embeddable":true,"href":"https:\/\/www.canalchat.com\/fr\/wp-json\/wp\/v2\/media\/5388"}],"wp:attachment":[{"href":"https:\/\/www.canalchat.com\/fr\/wp-json\/wp\/v2\/media?parent=3488"}],"wp:term":[{"taxonomy":"category","embeddable":true,"href":"https:\/\/www.canalchat.com\/fr\/wp-json\/wp\/v2\/categories?post=3488"},{"taxonomy":"post_tag","embeddable":true,"href":"https:\/\/www.canalchat.com\/fr\/wp-json\/wp\/v2\/tags?post=3488"}],"curies":[{"name":"wp","href":"https:\/\/api.w.org\/{rel}","templated":true}]}}